{"id":56551,"date":"2025-08-07T14:08:03","date_gmt":"2025-08-07T11:08:03","guid":{"rendered":"https:\/\/fitnsweet.eu\/?post_type=product&#038;p=56551"},"modified":"2026-02-11T10:47:05","modified_gmt":"2026-02-11T08:47:05","slug":"baltymine-avieciu-skonio-matcha-450-g","status":"publish","type":"product","link":"https:\/\/fitnsweet.eu\/lv\/produkts-2\/baltymine-avieciu-skonio-matcha-450-g\/","title":{"rendered":"Baltymin\u0117 avie\u010di\u0173 skonio MATCHA (450 g)"},"content":{"rendered":"<p><span style=\"color: #000000;\">Auk\u0161tos kokyb\u0117s baltymin\u0117 ma\u010da,<\/span><br \/>\n<span style=\"color: #000000;\">Su auk\u0161tos kokyb\u0117s i\u0161r\u016bg\u0173 baltymais,<\/span><br \/>\n<span style=\"color: #000000;\">20 g baltym\u0173 vienai porcijai,<\/span><br \/>\n<span style=\"color: #000000;\">Be prid\u0117tini\u0173 cukr\u0173.<\/span><\/p>\n<p><span style=\"color: #000000;\">GYMQUEEN Baltymin\u0117 Matcha sujungia subtil\u0173 matcha skon\u012f su auk\u0161tos kokyb\u0117s i\u0161r\u016bg\u0173 baltymais, tod\u0117l vienoje porcijoje yra \u012fsp\u016bdingi 20 g baltym\u0173, visa tai be prid\u0117tini\u0173 cukr\u0173. \u0160is harmoningas mi\u0161inys puikiai tinka s\u0105moningam malonumui \u2013 ryte, pietumis ar tarp valgym\u0173.<\/span><\/p>\n<p><span style=\"color: #000000;\">Protein Matcha yra universali: m\u0117gaukit\u0117s ja klasikiniu kar\u0161tu, gaivinan\u010diu \u0161altu arba kaip k\u016brybingu priedu prie m\u0117gstam\u0173 recept\u0173. Tiesiog i\u0161mai\u0161ykite miltelius su vandeniu arba pienu ir esate pasiruo\u0161\u0119 m\u0117gautis tobulu g\u0117rimu.<\/span><\/p>\n<p><span style=\"color: #000000;\"><em>\u00b9 Sud\u0117tyje yra nat\u016brali\u0173 cukr\u0173.<\/em><\/span><\/p>\n<p><span style=\"color: #000000;\">Vartojimas: 1 samtel\u012f (30 g) baltymin\u0117s matchos i\u0161tirpinkite 300 ml pieno arba vandens plaktuv\u0117je. Pakuot\u0117je yra 15 porcij\u0173.<\/span><\/p>\n<p><span style=\"color: #000000;\">Laikymas: laikyti v\u0117sioje, sausoje vietoje, apsaugotoje nuo \u0161viesos ir ma\u017eiems vaikams nepasiekiamoje vietoje.<\/span><\/p>\n<p><span style=\"color: #000000;\">Apra\u0161ymas: i\u0161r\u016bg\u0173 baltym\u0173 ir matcha pagrindu pagaminti milteliai, skirti baltyminei matcha gaminti. Avie\u010di\u0173 skonio. Su saldikliu.<\/span><\/p>\n<p><span style=\"color: #000000;\">Grynasis svoris: 450 g<\/span><br \/>\n<span style=\"color: #000000;\">Izcelsmes valsts: V\u0101cija<\/span><\/p>\n<section><span style=\"color: #000000;\"><strong>Energin\u0117 vert\u0117 (30 g porcijoje):<\/strong><\/span><br \/>\n<span style=\"color: #000000;\">Energija 474,8 kJ 113,4 kcal 1,7 %<\/span><br \/>\n<span style=\"color: #000000;\">Riebalai 1,7 g \\0,4 %<\/span><br \/>\n<span style=\"color: #000000;\">So\u010di\u0173j\u0173 riebal\u0173 1,1 g\\1,5 %<\/span><br \/>\n<span style=\"color: #000000;\">Cukr\u0173 2,6 g\\0,7 %<\/span><br \/>\n<span style=\"color: #000000;\">Drusk\u0173 0,1 g\\0 %<\/span><br \/>\n<span style=\"color: #000000;\">Referencin\u0117s paros normos procentin\u0117 dalis, remiantis 2000 kcal paros norma.<\/span><\/p>\n<\/section>\n<dl class=\"block\">\n<dt><span style=\"color: #000000;\">Sud\u0117tis: i\u0161r\u016bg\u0173 baltym\u0173 koncentratas, 6,6 % \u017ealiosios arbatos milteli\u0173 (matcha), kvapioji med\u017eiaga, da\u017eiklis: betaninas, i\u0161r\u016bg\u0173 baltym\u0173 izoliatas, tir\u0161tiklis: ksantano derva; da\u017eiklis: chlorofilai ir chlorofilinai; emulsiklis: soj\u0173 lecitinas; saldiklis: sukraloz\u0117.<\/span><\/dt>\n<dt><span style=\"color: #000000;\">Pagrindin\u0117 sudedamoji dalis \/ veiklioji med\u017eiaga: i\u0161r\u016bg\u0173 baltymai<\/span><\/dt>\n<dt><span style=\"color: #000000;\">Alergenai: Sud\u0117tyje yra sojos ir pieno produkt\u0173. Gali b\u016bti glitimo ir kiau\u0161ini\u0173 p\u0117dsak\u0173.<\/span><\/dt>\n<dt><span style=\"color: #000000;\">Specialios savyb\u0117s: Su saldikliu(-iais), emulsikliu(-iais), kvapi\u0105ja med\u017eiaga(-omis), tir\u0161tikliu(-iais).<\/span><\/dt>\n<\/dl>\n<div class=\"nutrition-table\">\n<table class=\"table--nutrition-facts\">\n<thead>\n<tr>\n<th><span style=\"color: #000000;\">Maistin\u0117 vert\u0117<\/span><\/th>\n<th><span style=\"color: #000000;\">\u00a0100g<\/span><\/th>\n<th class=\"text-right\"><span style=\"color: #000000;\">30 g porcijoje<\/span><\/th>\n<th class=\"text-right nutrition-table__per-serving\"><span style=\"color: #000000;\">% RPN* per Porcij\u0105<\/span><\/th>\n<\/tr>\n<\/thead>\n<tbody>\n<tr>\n<td><span style=\"color: #000000;\">Ener\u0123\u0113tisk\u0101 v\u0113rt\u012bba<\/span><\/td>\n<td><span style=\"color: #000000;\"><span class=\"db\">1.582,61 kj <\/span><span class=\"db\">378,00 kcal<\/span><\/span><\/td>\n<td class=\"text-right\"><span style=\"color: #000000;\"><span class=\"db\">474,78 kj <\/span><span class=\"db\">113,40 kcal<\/span><\/span><\/td>\n<td class=\"text-right nutrition-table__per-serving\"><span style=\"color: #000000;\">5,67 %<\/span><\/td>\n<\/tr>\n<tr>\n<td><span style=\"color: #000000;\">Tauki<\/span><\/td>\n<td><span style=\"color: #000000;\">5,60 g<\/span><\/td>\n<td class=\"text-right\"><span style=\"color: #000000;\">1,68 g<\/span><\/td>\n<td class=\"text-right nutrition-table__per-serving\"><span style=\"color: #000000;\">2,40 %<\/span><\/td>\n<\/tr>\n<tr class=\"sub-item\">\n<td><span style=\"color: #000000;\">\u00a0so\u010di\u0173j\u0173 riebal\u0173 r\u016bg\u0161\u010di\u0173<\/span><\/td>\n<td><span style=\"color: #000000;\">3,60 g<\/span><\/td>\n<td class=\"text-right\"><span style=\"color: #000000;\">1,08 g<\/span><\/td>\n<td class=\"text-right nutrition-table__per-serving\"><span style=\"color: #000000;\">5,40 %<\/span><\/td>\n<\/tr>\n<tr>\n<td><span style=\"color: #000000;\">Og\u013chidr\u0101ti<\/span><\/td>\n<td><span style=\"color: #000000;\">15.00 g<\/span><\/td>\n<td class=\"text-right\"><span style=\"color: #000000;\">4,50 g<\/span><\/td>\n<td class=\"text-right nutrition-table__per-serving\"><span style=\"color: #000000;\">1,73 %<\/span><\/td>\n<\/tr>\n<tr class=\"sub-item\">\n<td><span style=\"color: #000000;\">\u00a0no kuriem cukuri<\/span><\/td>\n<td><span style=\"color: #000000;\">8,60 g<\/span><\/td>\n<td class=\"text-right\"><span style=\"color: #000000;\">2,58 g<\/span><\/td>\n<td class=\"text-right nutrition-table__per-serving\"><span style=\"color: #000000;\">2,87 %<\/span><\/td>\n<\/tr>\n<tr>\n<td><span style=\"color: #000000;\">Olbaltumvielas<\/span><\/td>\n<td><span style=\"color: #000000;\">67,00 g<\/span><\/td>\n<td class=\"text-right\"><span style=\"color: #000000;\">20,10 g<\/span><\/td>\n<td class=\"text-right nutrition-table__per-serving\"><span style=\"color: #000000;\">40,20 %<\/span><\/td>\n<\/tr>\n<tr>\n<td><span style=\"color: #000000;\">S\u0101\u013ci<\/span><\/td>\n<td><span style=\"color: #000000;\">0,30 g<\/span><\/td>\n<td class=\"text-right\"><span style=\"color: #000000;\">0,09 g<\/span><\/td>\n<td class=\"text-right nutrition-table__per-serving\"><span style=\"color: #000000;\">1,50 %<\/span><\/td>\n<\/tr>\n<\/tbody>\n<\/table>\n<p><span style=\"color: #000000;\">*Referencin\u0117 vidutinio suaugusiojo paros norma (8 400 kJ \/ 2 000 kcal). Maistin\u0117 vert\u0117: informacija pateikiama pagal matcha avie\u010di\u0173 skon\u012f.<\/span><\/p>\n<\/div>","protected":false},"excerpt":{"rendered":"<p style=\"text-align: center;\"><span style=\"color: #000000;\"><strong>JAUNUMS PRODUKTU diapazon\u0101!<\/strong><\/span><br \/>\n<span style=\"color: #000000;\"><strong>BALTYMAIS PRATURTINTA AVIE\u010cI\u0172 SKONIO MATCHA!\u00a0<\/strong><\/span><br \/>\n<span style=\"color: #000000;\"><strong>BE PRID\u0116TINI\u0172 CUKR\u0172, BE SINTETINI\u0172 SKONIO STIPRIKLI\u0172, SU NAT\u016aRALIA MATCHA ARBATA, KREMIN\u0116 IR ITIN SKANI &#8211; 2IN1 &#8211; BALTYMAI J\u016aS\u0172 GERAI SAVIJAUTAI IR MATCHA NAT\u016aRALIAI ENERGIJAI<\/strong><\/span><\/p>\n<p>Matcha malonumas susitinka su baltym\u0173 j\u0117ga! M\u016bs\u0173 GYMQUEEN Protein Matcha sujungia unikal\u0173 smulkinto matcha ir kokybi\u0161k\u0173 i\u0161r\u016bg\u0173 baltym\u0173 mi\u0161in\u012f, suteikdama kremi\u0161k\u0105 malonum\u0105 su 20g baltym\u0173 viename puodelyje. Nesvarbu, ar ryte norite suteikti energijos dienai, ar dienos metu reikia skanios pertrauk\u0117l\u0117s \u2013 Baltymin\u0117 avie\u010di\u0173 skonio Matcha visada yra puiki id\u0117ja!<\/p>\n<p><span style=\"color: #000000;\">GymQueen baltymin\u0117 avie\u010di\u0173 skonio Matcha, pagaminta Vokietijoje i\u0161 auk\u0161\u010diausios kokyb\u0117s med\u017eiag\u0173, u\u017etikrina saug\u0173 vartojim\u0105.<\/span><\/p>\n<p><span style=\"color: #000000;\">Pakuot\u0117je 450 g sauso mi\u0161inio, vidutini\u0161kai 15ka porcij\u0173.\u00a0<\/span><\/p>","protected":false},"featured_media":56552,"comment_status":"open","ping_status":"closed","template":"","meta":{"site-sidebar-layout":"default","site-content-layout":"","ast-site-content-layout":"default","site-content-style":"default","site-sidebar-style":"default","ast-global-header-display":"","ast-banner-title-visibility":"","ast-main-header-display":"","ast-hfb-above-header-display":"","ast-hfb-below-header-display":"","ast-hfb-mobile-header-display":"","site-post-title":"","ast-breadcrumbs-content":"","ast-featured-img":"","footer-sml-layout":"","ast-disable-related-posts":"","theme-transparent-header-meta":"default","adv-header-id-meta":"","stick-header-meta":"","header-above-stick-meta":"","header-main-stick-meta":"","header-below-stick-meta":"","astra-migrate-meta-layouts":"set","ast-page-background-enabled":"default","ast-page-background-meta":{"desktop":{"background-color":"var(--ast-global-color-4)","background-image":"","background-repeat":"repeat","background-position":"center center","background-size":"auto","background-attachment":"scroll","background-type":"","background-media":"","overlay-type":"","overlay-color":"","overlay-opacity":"","overlay-gradient":""},"tablet":{"background-color":"","background-image":"","background-repeat":"repeat","background-position":"center center","background-size":"auto","background-attachment":"scroll","background-type":"","background-media":"","overlay-type":"","overlay-color":"","overlay-opacity":"","overlay-gradient":""},"mobile":{"background-color":"","background-image":"","background-repeat":"repeat","background-position":"center center","background-size":"auto","background-attachment":"scroll","background-type":"","background-media":"","overlay-type":"","overlay-color":"","overlay-opacity":"","overlay-gradient":""}},"ast-content-background-meta":{"desktop":{"background-color":"var(--ast-global-color-5)","background-image":"","background-repeat":"repeat","background-position":"center center","background-size":"auto","background-attachment":"scroll","background-type":"","background-media":"","overlay-type":"","overlay-color":"","overlay-opacity":"","overlay-gradient":""},"tablet":{"background-color":"var(--ast-global-color-5)","background-image":"","background-repeat":"repeat","background-position":"center center","background-size":"auto","background-attachment":"scroll","background-type":"","background-media":"","overlay-type":"","overlay-color":"","overlay-opacity":"","overlay-gradient":""},"mobile":{"background-color":"var(--ast-global-color-5)","background-image":"","background-repeat":"repeat","background-position":"center center","background-size":"auto","background-attachment":"scroll","background-type":"","background-media":"","overlay-type":"","overlay-color":"","overlay-opacity":"","overlay-gradient":""}}},"product_brand":[],"product_cat":[391,396,387,368],"product_tag":[],"class_list":{"0":"post-56551","1":"product","2":"type-product","3":"status-publish","4":"has-post-thumbnail","6":"product_cat-baltymu-kokteiliai","7":"product_cat-lieknejimui","8":"product_cat-visi-produktai","9":"product_cat-naujienos-2","10":"desktop-align-left","11":"tablet-align-left","12":"mobile-align-left","14":"first","15":"instock","16":"taxable","17":"shipping-taxable","18":"purchasable","19":"product-type-simple"},"yoast_head":"<!-- This site is optimized with the Yoast SEO plugin v26.9 - https:\/\/yoast.com\/product\/yoast-seo-wordpress\/ -->\n<title>Baltymin\u0117 avie\u010di\u0173 skonio MATCHA (450 g) - Fitnsweet.eu<\/title>\n<meta name=\"robots\" content=\"index, follow, max-snippet:-1, max-image-preview:large, max-video-preview:-1\" \/>\n<link rel=\"canonical\" href=\"https:\/\/fitnsweet.eu\/lv\/produkts-2\/baltymine-avieciu-skonio-matcha-450-g\/\" \/>\n<meta property=\"og:locale\" content=\"lv_LV\" \/>\n<meta property=\"og:type\" content=\"article\" \/>\n<meta property=\"og:title\" content=\"Baltymin\u0117 avie\u010di\u0173 skonio MATCHA (450 g) - Fitnsweet.eu\" \/>\n<meta property=\"og:description\" content=\"NAUJIENA GAMINI\u0172 ASORTIMENTE! BALTYMAIS PRATURTINTA AVIE\u010cI\u0172 SKONIO MATCHA!\u00a0 BE PRID\u0116TINI\u0172 CUKR\u0172, BE SINTETINI\u0172 SKONIO STIPRIKLI\u0172, SU NAT\u016aRALIA MATCHA ARBATA, KREMIN\u0116 IR ITIN SKANI - 2IN1 - BALTYMAI J\u016aS\u0172 GERAI SAVIJAUTAI IR MATCHA NAT\u016aRALIAI ENERGIJAI Matcha malonumas susitinka su baltym\u0173 j\u0117ga! M\u016bs\u0173 GYMQUEEN Protein Matcha sujungia unikal\u0173 smulkinto matcha ir kokybi\u0161k\u0173 i\u0161r\u016bg\u0173 baltym\u0173 mi\u0161in\u012f, suteikdama kremi\u0161k\u0105 malonum\u0105 su 20g baltym\u0173 viename puodelyje. Nesvarbu, ar ryte norite suteikti energijos dienai, ar dienos metu reikia skanios pertrauk\u0117l\u0117s \u2013 Baltymin\u0117 avie\u010di\u0173 skonio Matcha visada yra puiki id\u0117ja!  GymQueen baltymin\u0117 avie\u010di\u0173 skonio Matcha, pagaminta Vokietijoje i\u0161 auk\u0161\u010diausios kokyb\u0117s med\u017eiag\u0173, u\u017etikrina saug\u0173 vartojim\u0105.  Pakuot\u0117je 450 g sauso mi\u0161inio, vidutini\u0161kai 15ka porcij\u0173.\u00a0\" \/>\n<meta property=\"og:url\" content=\"https:\/\/fitnsweet.eu\/lv\/produkts-2\/baltymine-avieciu-skonio-matcha-450-g\/\" \/>\n<meta property=\"og:site_name\" content=\"Fitnsweet.eu\" \/>\n<meta property=\"article:modified_time\" content=\"2026-02-11T08:47:05+00:00\" \/>\n<meta property=\"og:image\" content=\"https:\/\/fitnsweet.eu\/wp-content\/uploads\/2025\/08\/1600x1600_gq_proteincoffee_appetiteappeal_pdp_241126_matcharaspberry.jpg\" \/>\n\t<meta property=\"og:image:width\" content=\"1600\" \/>\n\t<meta property=\"og:image:height\" content=\"1600\" \/>\n\t<meta property=\"og:image:type\" content=\"image\/jpeg\" \/>\n<meta name=\"twitter:card\" content=\"summary_large_image\" \/>\n<meta name=\"twitter:label1\" content=\"Est. reading time\" \/>\n\t<meta name=\"twitter:data1\" content=\"2 min\u016btes\" \/>\n<script type=\"application\/ld+json\" class=\"yoast-schema-graph\">{\"@context\":\"https:\/\/schema.org\",\"@graph\":[{\"@type\":\"WebPage\",\"@id\":\"https:\/\/fitnsweet.eu\/produktas\/baltymine-avieciu-skonio-matcha-450-g\/\",\"url\":\"https:\/\/fitnsweet.eu\/produktas\/baltymine-avieciu-skonio-matcha-450-g\/\",\"name\":\"Baltymin\u0117 avie\u010di\u0173 skonio MATCHA (450 g) - Fitnsweet.eu\",\"isPartOf\":{\"@id\":\"https:\/\/fitnsweet.eu\/#website\"},\"primaryImageOfPage\":{\"@id\":\"https:\/\/fitnsweet.eu\/produktas\/baltymine-avieciu-skonio-matcha-450-g\/#primaryimage\"},\"image\":{\"@id\":\"https:\/\/fitnsweet.eu\/produktas\/baltymine-avieciu-skonio-matcha-450-g\/#primaryimage\"},\"thumbnailUrl\":\"https:\/\/fitnsweet.eu\/wp-content\/uploads\/2025\/08\/1600x1600_gq_proteincoffee_appetiteappeal_pdp_241126_matcharaspberry.jpg\",\"datePublished\":\"2025-08-07T11:08:03+00:00\",\"dateModified\":\"2026-02-11T08:47:05+00:00\",\"breadcrumb\":{\"@id\":\"https:\/\/fitnsweet.eu\/produktas\/baltymine-avieciu-skonio-matcha-450-g\/#breadcrumb\"},\"inLanguage\":\"lv-LV\",\"potentialAction\":[{\"@type\":\"ReadAction\",\"target\":[\"https:\/\/fitnsweet.eu\/produktas\/baltymine-avieciu-skonio-matcha-450-g\/\"]}]},{\"@type\":\"ImageObject\",\"inLanguage\":\"lv-LV\",\"@id\":\"https:\/\/fitnsweet.eu\/produktas\/baltymine-avieciu-skonio-matcha-450-g\/#primaryimage\",\"url\":\"https:\/\/fitnsweet.eu\/wp-content\/uploads\/2025\/08\/1600x1600_gq_proteincoffee_appetiteappeal_pdp_241126_matcharaspberry.jpg\",\"contentUrl\":\"https:\/\/fitnsweet.eu\/wp-content\/uploads\/2025\/08\/1600x1600_gq_proteincoffee_appetiteappeal_pdp_241126_matcharaspberry.jpg\",\"width\":1600,\"height\":1600},{\"@type\":\"BreadcrumbList\",\"@id\":\"https:\/\/fitnsweet.eu\/produktas\/baltymine-avieciu-skonio-matcha-450-g\/#breadcrumb\",\"itemListElement\":[{\"@type\":\"ListItem\",\"position\":1,\"name\":\"Home\",\"item\":\"https:\/\/fitnsweet.eu\/\"},{\"@type\":\"ListItem\",\"position\":2,\"name\":\"Produktai\",\"item\":\"https:\/\/fitnsweet.eu\/parduotuve\/\"},{\"@type\":\"ListItem\",\"position\":3,\"name\":\"Baltymin\u0117 avie\u010di\u0173 skonio MATCHA (450 g)\"}]},{\"@type\":\"WebSite\",\"@id\":\"https:\/\/fitnsweet.eu\/#website\",\"url\":\"https:\/\/fitnsweet.eu\/\",\"name\":\"Fitnsweet.eu\",\"description\":\"Sveika. Saldu. Naudinga.\",\"potentialAction\":[{\"@type\":\"SearchAction\",\"target\":{\"@type\":\"EntryPoint\",\"urlTemplate\":\"https:\/\/fitnsweet.eu\/?s={search_term_string}\"},\"query-input\":{\"@type\":\"PropertyValueSpecification\",\"valueRequired\":true,\"valueName\":\"search_term_string\"}}],\"inLanguage\":\"lv-LV\"}]}<\/script>\n<!-- \/ Yoast SEO plugin. -->","yoast_head_json":{"title":"Baltymin\u0117 avie\u010di\u0173 skonio MATCHA (450 g) - Fitnsweet.eu","robots":{"index":"index","follow":"follow","max-snippet":"max-snippet:-1","max-image-preview":"max-image-preview:large","max-video-preview":"max-video-preview:-1"},"canonical":"https:\/\/fitnsweet.eu\/lv\/produkts-2\/baltymine-avieciu-skonio-matcha-450-g\/","og_locale":"lv_LV","og_type":"article","og_title":"Baltymin\u0117 avie\u010di\u0173 skonio MATCHA (450 g) - Fitnsweet.eu","og_description":"NAUJIENA GAMINI\u0172 ASORTIMENTE! BALTYMAIS PRATURTINTA AVIE\u010cI\u0172 SKONIO MATCHA!\u00a0 BE PRID\u0116TINI\u0172 CUKR\u0172, BE SINTETINI\u0172 SKONIO STIPRIKLI\u0172, SU NAT\u016aRALIA MATCHA ARBATA, KREMIN\u0116 IR ITIN SKANI - 2IN1 - BALTYMAI J\u016aS\u0172 GERAI SAVIJAUTAI IR MATCHA NAT\u016aRALIAI ENERGIJAI Matcha malonumas susitinka su baltym\u0173 j\u0117ga! M\u016bs\u0173 GYMQUEEN Protein Matcha sujungia unikal\u0173 smulkinto matcha ir kokybi\u0161k\u0173 i\u0161r\u016bg\u0173 baltym\u0173 mi\u0161in\u012f, suteikdama kremi\u0161k\u0105 malonum\u0105 su 20g baltym\u0173 viename puodelyje. Nesvarbu, ar ryte norite suteikti energijos dienai, ar dienos metu reikia skanios pertrauk\u0117l\u0117s \u2013 Baltymin\u0117 avie\u010di\u0173 skonio Matcha visada yra puiki id\u0117ja!  GymQueen baltymin\u0117 avie\u010di\u0173 skonio Matcha, pagaminta Vokietijoje i\u0161 auk\u0161\u010diausios kokyb\u0117s med\u017eiag\u0173, u\u017etikrina saug\u0173 vartojim\u0105.  Pakuot\u0117je 450 g sauso mi\u0161inio, vidutini\u0161kai 15ka porcij\u0173.\u00a0","og_url":"https:\/\/fitnsweet.eu\/lv\/produkts-2\/baltymine-avieciu-skonio-matcha-450-g\/","og_site_name":"Fitnsweet.eu","article_modified_time":"2026-02-11T08:47:05+00:00","og_image":[{"width":1600,"height":1600,"url":"https:\/\/fitnsweet.eu\/wp-content\/uploads\/2025\/08\/1600x1600_gq_proteincoffee_appetiteappeal_pdp_241126_matcharaspberry.jpg","type":"image\/jpeg"}],"twitter_card":"summary_large_image","twitter_misc":{"Est. reading time":"2 min\u016btes"},"schema":{"@context":"https:\/\/schema.org","@graph":[{"@type":"WebPage","@id":"https:\/\/fitnsweet.eu\/produktas\/baltymine-avieciu-skonio-matcha-450-g\/","url":"https:\/\/fitnsweet.eu\/produktas\/baltymine-avieciu-skonio-matcha-450-g\/","name":"Baltymin\u0117 avie\u010di\u0173 skonio MATCHA (450 g) - Fitnsweet.eu","isPartOf":{"@id":"https:\/\/fitnsweet.eu\/#website"},"primaryImageOfPage":{"@id":"https:\/\/fitnsweet.eu\/produktas\/baltymine-avieciu-skonio-matcha-450-g\/#primaryimage"},"image":{"@id":"https:\/\/fitnsweet.eu\/produktas\/baltymine-avieciu-skonio-matcha-450-g\/#primaryimage"},"thumbnailUrl":"https:\/\/fitnsweet.eu\/wp-content\/uploads\/2025\/08\/1600x1600_gq_proteincoffee_appetiteappeal_pdp_241126_matcharaspberry.jpg","datePublished":"2025-08-07T11:08:03+00:00","dateModified":"2026-02-11T08:47:05+00:00","breadcrumb":{"@id":"https:\/\/fitnsweet.eu\/produktas\/baltymine-avieciu-skonio-matcha-450-g\/#breadcrumb"},"inLanguage":"lv-LV","potentialAction":[{"@type":"ReadAction","target":["https:\/\/fitnsweet.eu\/produktas\/baltymine-avieciu-skonio-matcha-450-g\/"]}]},{"@type":"ImageObject","inLanguage":"lv-LV","@id":"https:\/\/fitnsweet.eu\/produktas\/baltymine-avieciu-skonio-matcha-450-g\/#primaryimage","url":"https:\/\/fitnsweet.eu\/wp-content\/uploads\/2025\/08\/1600x1600_gq_proteincoffee_appetiteappeal_pdp_241126_matcharaspberry.jpg","contentUrl":"https:\/\/fitnsweet.eu\/wp-content\/uploads\/2025\/08\/1600x1600_gq_proteincoffee_appetiteappeal_pdp_241126_matcharaspberry.jpg","width":1600,"height":1600},{"@type":"BreadcrumbList","@id":"https:\/\/fitnsweet.eu\/produktas\/baltymine-avieciu-skonio-matcha-450-g\/#breadcrumb","itemListElement":[{"@type":"ListItem","position":1,"name":"Home","item":"https:\/\/fitnsweet.eu\/"},{"@type":"ListItem","position":2,"name":"Produktai","item":"https:\/\/fitnsweet.eu\/parduotuve\/"},{"@type":"ListItem","position":3,"name":"Baltymin\u0117 avie\u010di\u0173 skonio MATCHA (450 g)"}]},{"@type":"WebSite","@id":"https:\/\/fitnsweet.eu\/#website","url":"https:\/\/fitnsweet.eu\/","name":"Fitnsweet.eu","description":"Sveiki. Salds. Noder\u012bgi.","potentialAction":[{"@type":"SearchAction","target":{"@type":"EntryPoint","urlTemplate":"https:\/\/fitnsweet.eu\/?s={search_term_string}"},"query-input":{"@type":"PropertyValueSpecification","valueRequired":true,"valueName":"search_term_string"}}],"inLanguage":"lv-LV"}]}},"_links":{"self":[{"href":"https:\/\/fitnsweet.eu\/lv\/wp-json\/wp\/v2\/product\/56551","targetHints":{"allow":["GET"]}}],"collection":[{"href":"https:\/\/fitnsweet.eu\/lv\/wp-json\/wp\/v2\/product"}],"about":[{"href":"https:\/\/fitnsweet.eu\/lv\/wp-json\/wp\/v2\/types\/product"}],"replies":[{"embeddable":true,"href":"https:\/\/fitnsweet.eu\/lv\/wp-json\/wp\/v2\/comments?post=56551"}],"version-history":[{"count":2,"href":"https:\/\/fitnsweet.eu\/lv\/wp-json\/wp\/v2\/product\/56551\/revisions"}],"predecessor-version":[{"id":56557,"href":"https:\/\/fitnsweet.eu\/lv\/wp-json\/wp\/v2\/product\/56551\/revisions\/56557"}],"wp:featuredmedia":[{"embeddable":true,"href":"https:\/\/fitnsweet.eu\/lv\/wp-json\/wp\/v2\/media\/56552"}],"wp:attachment":[{"href":"https:\/\/fitnsweet.eu\/lv\/wp-json\/wp\/v2\/media?parent=56551"}],"wp:term":[{"taxonomy":"product_brand","embeddable":true,"href":"https:\/\/fitnsweet.eu\/lv\/wp-json\/wp\/v2\/product_brand?post=56551"},{"taxonomy":"product_cat","embeddable":true,"href":"https:\/\/fitnsweet.eu\/lv\/wp-json\/wp\/v2\/product_cat?post=56551"},{"taxonomy":"product_tag","embeddable":true,"href":"https:\/\/fitnsweet.eu\/lv\/wp-json\/wp\/v2\/product_tag?post=56551"}],"curies":[{"name":"wp","href":"https:\/\/api.w.org\/{rel}","templated":true}]}}