{"id":9262,"date":"2020-05-08T12:04:32","date_gmt":"2020-05-08T09:04:32","guid":{"rendered":"https:\/\/fitnsweet.lt\/?post_type=product&#038;p=9262"},"modified":"2025-12-15T01:51:54","modified_gmt":"2025-12-14T23:51:54","slug":"skaistaks-kermenis-vasara-issukio-komplekts-2","status":"publish","type":"product","link":"https:\/\/fitnsweet.eu\/lv\/produkts-2\/skaistaks-kermenis-vasara-issukio-komplekts-2\/","title":{"rendered":"Pl\u0101n\u0101ks korpuss ar Slim Queen komplektu"},"content":{"rendered":"<p style=\"text-align: left;\"><span style=\"color: #000000;\"><strong>Pat\u0113ri\u0146\u0161:<\/strong><\/span><br \/>\n<span style=\"color: #000000;\">Vienai porcijai (ekvivalents vienam \u0113dienam) pudel\u0113 vai noslauc\u012bt 30 g pulvera (1 m\u0113rkarote iepakojum\u0101), sajaukt ar 275 ml auksta piena vai \u016bdens un sakult apm\u0113ram 20 sekundes. J\u016bs jau varat nobaud\u012bt!<\/span><\/p>\n<p><span style=\"color: #000000;\"><strong>*<\/strong> Ja v\u0113laties zaud\u0113t svaru, divas \u0113dienreizes dien\u0101 (v\u0113lams brokastis, viena uzkoda dien\u0101 vai vakari\u0146as) vajadz\u0113tu aizst\u0101t ar Slim Queen kokteili. Ja j\u016bsu m\u0113r\u0137is ir saglab\u0101t svaru, pietiek ar vienu \u0113dienu, lai aizst\u0101tu vienu koktei\u013ca porciju dien\u0101. Lai to izdar\u012btu, jums j\u0101iev\u0113ro sagatavo\u0161anas ieteikumi. Dienas laik\u0101 ieteicams dzert ar\u012b pietiekami daudz \u0161\u0137idruma, v\u0113lams \u016bdeni. Kokteilis kalpo paredz\u0113tajam m\u0113r\u0137im saska\u0146\u0101 ar vesel\u012bga uztura principiem, t\u0101p\u0113c jums j\u0101p\u0101rliecin\u0101s, ka ar\u012b citi \u0113dieni b\u016bs da\u013ca no j\u016bsu uztura, vesel\u012bga uztura.<\/span><\/p>\n<p><span style=\"color: #000000;\"><strong>Sast\u0101vs:<\/strong><\/span><br \/>\n<span style=\"color: #000000;\"> S\u016bkalu olbaltumvielu koncentr\u0101ts (satur emulgatoru: saulespu\u0137u lecit\u012bnu), maltodekstr\u012bnu, kalcija kazein\u0101tu (satur pienu, satur emulgatoru: saulespu\u0137u lecit\u012bnu), emulgatoru: sojas lecit\u012bnu, biezin\u0101t\u0101ju: glikomann\u0101nu; Smar\u017eas, magnija karbon\u0101ts, kalcija karbon\u0101ts, biezin\u0101t\u0101js: ksant\u0101ns; S\u0101ls, kakao pulveris ar zemu tauku saturu, k\u0101lija citr\u0101ts, kr\u0101sviela beta-karot\u012bns, L-askorb\u012bnsk\u0101be, saldin\u0101t\u0101js: saharoze; Dzelzs sulf\u0101ts, cinka glikon\u0101ts, vara glikon\u0101ts, mang\u0101na sulf\u0101ts, k\u0101lija jod\u012bds, n\u0101trija selen\u012bts, nikotinam\u012bds, dl-alfa-tokoferilacet\u0101ts, kalcija D-pantoten\u0101ts, piridoks\u012bna hidrohlor\u012bds, riboflav\u012bns, tiam\u012bna mononitr\u0101ts, retinilacet\u0101ts, retinilacet\u0101ts, , cianokobalam\u012bns.<\/span><\/p>\n<p><span style=\"color: #000000;\"><strong>Aler\u0123\u0113ni:<\/strong><\/span><br \/>\n<span style=\"color: #000000;\"> Satur soju, piena produktus. Var b\u016bt olu un lipek\u013ca p\u0113das.<\/span><\/p>\n<p><span style=\"color: #000000;\"><strong>Ener\u0123\u0113tisk\u0101 v\u0113rt\u012bba 100 G \/ 30 G pulveris %\u00a0<\/strong><\/span><br \/>\n<span style=\"color: #000000;\">1691,47 kj, 404,00 kcal \/ 507,44 kj 121,20 kcal 6,06 procenti.<\/span><\/p>\n<p><span style=\"color: #000000;\"><em>tauki 11,00 g \/ 3,30 g 471%<\/em><\/span><br \/>\n<span style=\"color: #000000;\"><em>no tiem: pies\u0101tin\u0101t\u0101s tauksk\u0101bes 1,50 g \/ 0,45 g 2,25%<\/em><\/span><br \/>\n<span style=\"color: #000000;\"><em>og\u013chidr\u0101ti 37,00 g \/ 11,10 g 4,27%<\/em><\/span><br \/>\n<span style=\"color: #000000;\"><em>no tiem cukuri 5,30 g \/ 1,59 g 1,77%.<\/em><\/span><br \/>\n<span style=\"color: #000000;\"><em>\u0161\u0137iedru materi\u0101li 3,90 g \/ 1,17 g 3,90%<\/em><\/span><br \/>\n<span style=\"color: #000000;\"><em>olbaltumvielas 37,00 g \/ 11,10 g 2220%<\/em><\/span><br \/>\n<span style=\"color: #000000;\"><em>s\u0101\u013ci 1,00 g \/ 0,30 g 5,00%<\/em><\/span><\/p>\n<p>&nbsp;<\/p>","protected":false},"excerpt":{"rendered":"<p style=\"text-align: center;\"><span style=\"color: #000000;\"><strong>\u201eSLIM QUEEN\u201d KOKTEILIS PAKEIT\u0116 PAKUOT\u0118! KLIENT\u0116S TEIGIA, KAD TAI SKANIAUSIAS SVORIO METIMO \u2013 MAISTO PAKAITALO KOKTEILIS RINKOJE!<br \/>\n\u0160IUO METU PRIIMAMI I\u0160ANKSTINIAI KOKTEILI\u0172 U\u017dSAKYMAI, I\u0160SIUNTIMAS PLANUOJAMAS NUO LAPKRI\u010cIO 15-TOS DIENOS<\/strong><\/span><\/p>\n<p>Slim Queen &#8211; tai maistas J\u016bs\u0173 svorio kontrolei bei pagalbininkas palaikant dailias k\u016bno formas. Taip pat tai bus puiki alternatyva nesp\u0117jant u\u017ek\u0105sti ar papusry\u010diauti. Tai tobulas sprendimas kai norite greit pasigaminti sveikus pusry\u010dius ir skub\u0117ti \u012f darbus ar mokslus. Idealus sprendimas kai tiesiog norite papildyti k\u016bn\u0105 naudingomis maistin\u0117mis med\u017eiagomis, vitaminais, mineralais. Slim Queen kokteiliai prisid\u0117s ir prie J\u016bs\u0173 skalndesn\u0117s, geresn\u0117s \u017earnyno veiklos, papildys \u017earnyn\u0105 prebiotikais. Tobulai subalansuoti skoniai ir Premium kokyb\u0117s sud\u0117tis.<\/p>\n<p><span style=\"background-color: transparent; color: #000000; font-family: 'Hind Madurai', Helvetica, Arial, Lucida, sans-serif; font-size: 15px;\">Pusry\u010dius, vakarien\u0119 ar dienos u\u017ekand\u012f pakeisdami &#8222;Slim Queen&#8221;, dabar galite lengvai suma\u017einti savo svor\u012f. I\u0161bandykite ypa\u010d gard\u017eius vanil\u0117s, \u0161okolado, \u0161vie\u017ei\u0173 bra\u0161ki\u0173 skonius ir i\u0161sirinkite savo m\u0117gstamiausi\u0105. Dabar ruo\u0161ti bei dailinti k\u016bn\u0105 vasarai dar lengviau su Queen liekn\u0117jimo kokteiliu! Sud\u0117tyje yra net iki 22 skirting\u0173 vitamin\u0173 ir mineral\u0173!<\/span><\/p>\n<h6><span style=\"color: #000000;\"><span style=\"color: #ff00ff;\"><strong>Komplektu veido:<\/strong><\/span> nov\u0101j\u0113\u0161anas koktei\u013ci tr\u012bs gar\u0161as p\u0113c izv\u0113les 420 g un dz\u0113riens p\u0113c izv\u0113les 500 ml.<\/span><\/h6>\n<p><span style=\"color: #ff00ff;\"><strong><span style=\"margin: 0px; line-height: 115%; font-family: 'Times New Roman', serif; font-size: 12pt;\">\u0160\u012b komplekta ieg\u0101de ietver BEZMAKSAS kurjera pieg\u0101di.<\/span><\/strong><\/span><\/p>\n<p><img fetchpriority=\"high\" decoding=\"async\" class=\"alignnone size-full wp-image-26824\" src=\"https:\/\/fitnsweet.eu\/wp-content\/uploads\/2020\/11\/1_ikonos-03.png\" alt=\"\" width=\"1920\" height=\"567\" \/><\/p>","protected":false},"featured_media":45519,"comment_status":"open","ping_status":"closed","template":"","meta":{"site-sidebar-layout":"default","site-content-layout":"default","ast-site-content-layout":"default","site-content-style":"default","site-sidebar-style":"default","ast-global-header-display":"","ast-banner-title-visibility":"","ast-main-header-display":"","ast-hfb-above-header-display":"","ast-hfb-below-header-display":"","ast-hfb-mobile-header-display":"","site-post-title":"","ast-breadcrumbs-content":"","ast-featured-img":"","footer-sml-layout":"","ast-disable-related-posts":"","theme-transparent-header-meta":"default","adv-header-id-meta":"","stick-header-meta":"","header-above-stick-meta":"","header-main-stick-meta":"","header-below-stick-meta":"","astra-migrate-meta-layouts":"set","ast-page-background-enabled":"default","ast-page-background-meta":{"desktop":{"background-color":"var(--ast-global-color-4)","background-image":"","background-repeat":"repeat","background-position":"center center","background-size":"auto","background-attachment":"scroll","background-type":"","background-media":"","overlay-type":"","overlay-color":"","overlay-opacity":"","overlay-gradient":""},"tablet":{"background-color":"","background-image":"","background-repeat":"repeat","background-position":"center center","background-size":"auto","background-attachment":"scroll","background-type":"","background-media":"","overlay-type":"","overlay-color":"","overlay-opacity":"","overlay-gradient":""},"mobile":{"background-color":"","background-image":"","background-repeat":"repeat","background-position":"center center","background-size":"auto","background-attachment":"scroll","background-type":"","background-media":"","overlay-type":"","overlay-color":"","overlay-opacity":"","overlay-gradient":""}},"ast-content-background-meta":{"desktop":{"background-color":"var(--ast-global-color-5)","background-image":"","background-repeat":"repeat","background-position":"center center","background-size":"auto","background-attachment":"scroll","background-type":"","background-media":"","overlay-type":"","overlay-color":"","overlay-opacity":"","overlay-gradient":""},"tablet":{"background-color":"var(--ast-global-color-5)","background-image":"","background-repeat":"repeat","background-position":"center center","background-size":"auto","background-attachment":"scroll","background-type":"","background-media":"","overlay-type":"","overlay-color":"","overlay-opacity":"","overlay-gradient":""},"mobile":{"background-color":"var(--ast-global-color-5)","background-image":"","background-repeat":"repeat","background-position":"center center","background-size":"auto","background-attachment":"scroll","background-type":"","background-media":"","overlay-type":"","overlay-color":"","overlay-opacity":"","overlay-gradient":""}}},"product_brand":[],"product_cat":[386,396,393,377,387,365,314,313,13,112,148],"product_tag":[301,296,288,77,326],"class_list":{"0":"post-9262","1":"product","2":"type-product","3":"status-publish","4":"has-post-thumbnail","6":"product_cat-ispardavimas-2","7":"product_cat-lieknejimui","8":"product_cat-rinkiniai","9":"product_cat-slim-queen-maisto-pakaitalo-kokteiliai-2","10":"product_cat-visi-produktai","11":"product_cat-ispardavimas","12":"product_cat-slim-queen-maisto-pakaitalo-kokteiliai","13":"product_cat-baltyminiai-kokteiliai","14":"product_cat-httpfitnsweet-ltprodukto-kategorijagymqueen","15":"product_cat-gymqueen-figurai","16":"product_cat-gymqueen-rinkiniai","17":"product_tag-kokteilis","18":"product_tag-lieknejimui","19":"product_tag-queen-slim","20":"product_tag-slim","21":"product_tag-slim-queen","22":"desktop-align-left","23":"tablet-align-left","24":"mobile-align-left","26":"first","27":"instock","28":"sale","29":"taxable","30":"shipping-taxable","31":"purchasable","32":"product-type-variable"},"yoast_head":"<!-- This site is optimized with the Yoast SEO plugin v26.9 - https:\/\/yoast.com\/product\/yoast-seo-wordpress\/ -->\n<title>Lieknesnio k\u016bno su Slim Queen rinkinys - Fitnsweet.eu<\/title>\n<meta name=\"robots\" content=\"index, follow, max-snippet:-1, max-image-preview:large, max-video-preview:-1\" \/>\n<link rel=\"canonical\" href=\"https:\/\/fitnsweet.eu\/lv\/produkts-2\/skaistaks-kermenis-vasara-issukio-komplekts-2\/\" \/>\n<meta property=\"og:locale\" content=\"lv_LV\" \/>\n<meta property=\"og:type\" content=\"article\" \/>\n<meta property=\"og:title\" content=\"Lieknesnio k\u016bno su Slim Queen rinkinys - Fitnsweet.eu\" \/>\n<meta property=\"og:description\" content=\"\u201eSLIM QUEEN\u201d KOKTEILIS PAKEIT\u0116 PAKUOT\u0118! KLIENT\u0116S TEIGIA, KAD TAI SKANIAUSIAS SVORIO METIMO \u2013 MAISTO PAKAITALO KOKTEILIS RINKOJE! \u0160IUO METU PRIIMAMI I\u0160ANKSTINIAI KOKTEILI\u0172 U\u017dSAKYMAI, I\u0160SIUNTIMAS PLANUOJAMAS NUO LAPKRI\u010cIO 15-TOS DIENOS Slim Queen - tai maistas J\u016bs\u0173 svorio kontrolei bei pagalbininkas palaikant dailias k\u016bno formas. Taip pat tai bus puiki alternatyva nesp\u0117jant u\u017ek\u0105sti ar papusry\u010diauti. Tai tobulas sprendimas kai norite greit pasigaminti sveikus pusry\u010dius ir skub\u0117ti \u012f darbus ar mokslus. Idealus sprendimas kai tiesiog norite papildyti k\u016bn\u0105 naudingomis maistin\u0117mis med\u017eiagomis, vitaminais, mineralais. Slim Queen kokteiliai prisid\u0117s ir prie J\u016bs\u0173 skalndesn\u0117s, geresn\u0117s \u017earnyno veiklos, papildys \u017earnyn\u0105 prebiotikais. Tobulai subalansuoti skoniai ir Premium kokyb\u0117s sud\u0117tis.  Pusry\u010dius, vakarien\u0119 ar dienos u\u017ekand\u012f pakeisdami &quot;Slim Queen&quot;, dabar galite lengvai suma\u017einti savo svor\u012f. I\u0161bandykite ypa\u010d gard\u017eius vanil\u0117s, \u0161okolado, \u0161vie\u017ei\u0173 bra\u0161ki\u0173 skonius ir i\u0161sirinkite savo m\u0117gstamiausi\u0105. Dabar ruo\u0161ti bei dailinti k\u016bn\u0105 vasarai dar lengviau su Queen liekn\u0117jimo kokteiliu! Sud\u0117tyje yra net iki 22 skirting\u0173 vitamin\u0173 ir mineral\u0173! Rinkin\u012f sudaro: trij\u0173 J\u016bs\u0173 pasirinkt\u0173 skoni\u0173 liekn\u0117jimo kokteiliai po 420 g ir J\u016bs\u0173 pasirinkta gertuv\u0117 po 500 ml. \u012esigyjant \u0161\u012f rinkin\u012f taikomas NEMOKAMAS pristatymas kurjeriu.\" \/>\n<meta property=\"og:url\" content=\"https:\/\/fitnsweet.eu\/lv\/produkts-2\/skaistaks-kermenis-vasara-issukio-komplekts-2\/\" \/>\n<meta property=\"og:site_name\" content=\"Fitnsweet.eu\" \/>\n<meta property=\"article:modified_time\" content=\"2025-12-14T23:51:54+00:00\" \/>\n<meta property=\"og:image\" content=\"https:\/\/fitnsweet.eu\/wp-content\/uploads\/2020\/05\/trys-slim-shake_fitnsweetgertuve.png\" \/>\n\t<meta property=\"og:image:width\" content=\"1080\" \/>\n\t<meta property=\"og:image:height\" content=\"1080\" \/>\n\t<meta property=\"og:image:type\" content=\"image\/png\" \/>\n<meta name=\"twitter:card\" content=\"summary_large_image\" \/>\n<meta name=\"twitter:label1\" content=\"Est. reading time\" \/>\n\t<meta name=\"twitter:data1\" content=\"2 min\u016btes\" \/>\n<script type=\"application\/ld+json\" class=\"yoast-schema-graph\">{\"@context\":\"https:\/\/schema.org\",\"@graph\":[{\"@type\":\"WebPage\",\"@id\":\"https:\/\/fitnsweet.eu\/produktas\/dailesnio-kuno-vasarai-issukio-rinkinys\/\",\"url\":\"https:\/\/fitnsweet.eu\/produktas\/dailesnio-kuno-vasarai-issukio-rinkinys\/\",\"name\":\"Lieknesnio k\u016bno su Slim Queen rinkinys - Fitnsweet.eu\",\"isPartOf\":{\"@id\":\"https:\/\/fitnsweet.eu\/#website\"},\"primaryImageOfPage\":{\"@id\":\"https:\/\/fitnsweet.eu\/produktas\/dailesnio-kuno-vasarai-issukio-rinkinys\/#primaryimage\"},\"image\":{\"@id\":\"https:\/\/fitnsweet.eu\/produktas\/dailesnio-kuno-vasarai-issukio-rinkinys\/#primaryimage\"},\"thumbnailUrl\":\"https:\/\/fitnsweet.eu\/wp-content\/uploads\/2020\/05\/trys-slim-shake_fitnsweetgertuve.png\",\"datePublished\":\"2020-05-08T09:04:32+00:00\",\"dateModified\":\"2025-12-14T23:51:54+00:00\",\"breadcrumb\":{\"@id\":\"https:\/\/fitnsweet.eu\/produktas\/dailesnio-kuno-vasarai-issukio-rinkinys\/#breadcrumb\"},\"inLanguage\":\"lv-LV\",\"potentialAction\":[{\"@type\":\"ReadAction\",\"target\":[\"https:\/\/fitnsweet.eu\/produktas\/dailesnio-kuno-vasarai-issukio-rinkinys\/\"]}]},{\"@type\":\"ImageObject\",\"inLanguage\":\"lv-LV\",\"@id\":\"https:\/\/fitnsweet.eu\/produktas\/dailesnio-kuno-vasarai-issukio-rinkinys\/#primaryimage\",\"url\":\"https:\/\/fitnsweet.eu\/wp-content\/uploads\/2020\/05\/trys-slim-shake_fitnsweetgertuve.png\",\"contentUrl\":\"https:\/\/fitnsweet.eu\/wp-content\/uploads\/2020\/05\/trys-slim-shake_fitnsweetgertuve.png\",\"width\":1080,\"height\":1080},{\"@type\":\"BreadcrumbList\",\"@id\":\"https:\/\/fitnsweet.eu\/produktas\/dailesnio-kuno-vasarai-issukio-rinkinys\/#breadcrumb\",\"itemListElement\":[{\"@type\":\"ListItem\",\"position\":1,\"name\":\"Home\",\"item\":\"https:\/\/fitnsweet.eu\/\"},{\"@type\":\"ListItem\",\"position\":2,\"name\":\"Produktai\",\"item\":\"https:\/\/fitnsweet.eu\/parduotuve\/\"},{\"@type\":\"ListItem\",\"position\":3,\"name\":\"Lieknesnio k\u016bno su Slim Queen rinkinys\"}]},{\"@type\":\"WebSite\",\"@id\":\"https:\/\/fitnsweet.eu\/#website\",\"url\":\"https:\/\/fitnsweet.eu\/\",\"name\":\"Fitnsweet.eu\",\"description\":\"Sveika. Saldu. Naudinga.\",\"potentialAction\":[{\"@type\":\"SearchAction\",\"target\":{\"@type\":\"EntryPoint\",\"urlTemplate\":\"https:\/\/fitnsweet.eu\/?s={search_term_string}\"},\"query-input\":{\"@type\":\"PropertyValueSpecification\",\"valueRequired\":true,\"valueName\":\"search_term_string\"}}],\"inLanguage\":\"lv-LV\"}]}<\/script>\n<!-- \/ Yoast SEO plugin. -->","yoast_head_json":{"title":"Slaid\u0101ka \u0137erme\u0146a komplekts ar Slim Queen - Fitnsweet.eu","robots":{"index":"index","follow":"follow","max-snippet":"max-snippet:-1","max-image-preview":"max-image-preview:large","max-video-preview":"max-video-preview:-1"},"canonical":"https:\/\/fitnsweet.eu\/lv\/produkts-2\/skaistaks-kermenis-vasara-issukio-komplekts-2\/","og_locale":"lv_LV","og_type":"article","og_title":"Lieknesnio k\u016bno su Slim Queen rinkinys - Fitnsweet.eu","og_description":"\u201eSLIM QUEEN\u201d KOKTEILIS PAKEIT\u0116 PAKUOT\u0118! KLIENT\u0116S TEIGIA, KAD TAI SKANIAUSIAS SVORIO METIMO \u2013 MAISTO PAKAITALO KOKTEILIS RINKOJE! \u0160IUO METU PRIIMAMI I\u0160ANKSTINIAI KOKTEILI\u0172 U\u017dSAKYMAI, I\u0160SIUNTIMAS PLANUOJAMAS NUO LAPKRI\u010cIO 15-TOS DIENOS Slim Queen - tai maistas J\u016bs\u0173 svorio kontrolei bei pagalbininkas palaikant dailias k\u016bno formas. Taip pat tai bus puiki alternatyva nesp\u0117jant u\u017ek\u0105sti ar papusry\u010diauti. Tai tobulas sprendimas kai norite greit pasigaminti sveikus pusry\u010dius ir skub\u0117ti \u012f darbus ar mokslus. Idealus sprendimas kai tiesiog norite papildyti k\u016bn\u0105 naudingomis maistin\u0117mis med\u017eiagomis, vitaminais, mineralais. Slim Queen kokteiliai prisid\u0117s ir prie J\u016bs\u0173 skalndesn\u0117s, geresn\u0117s \u017earnyno veiklos, papildys \u017earnyn\u0105 prebiotikais. Tobulai subalansuoti skoniai ir Premium kokyb\u0117s sud\u0117tis.  Pusry\u010dius, vakarien\u0119 ar dienos u\u017ekand\u012f pakeisdami \"Slim Queen\", dabar galite lengvai suma\u017einti savo svor\u012f. I\u0161bandykite ypa\u010d gard\u017eius vanil\u0117s, \u0161okolado, \u0161vie\u017ei\u0173 bra\u0161ki\u0173 skonius ir i\u0161sirinkite savo m\u0117gstamiausi\u0105. Dabar ruo\u0161ti bei dailinti k\u016bn\u0105 vasarai dar lengviau su Queen liekn\u0117jimo kokteiliu! Sud\u0117tyje yra net iki 22 skirting\u0173 vitamin\u0173 ir mineral\u0173! Rinkin\u012f sudaro: trij\u0173 J\u016bs\u0173 pasirinkt\u0173 skoni\u0173 liekn\u0117jimo kokteiliai po 420 g ir J\u016bs\u0173 pasirinkta gertuv\u0117 po 500 ml. \u012esigyjant \u0161\u012f rinkin\u012f taikomas NEMOKAMAS pristatymas kurjeriu.","og_url":"https:\/\/fitnsweet.eu\/lv\/produkts-2\/skaistaks-kermenis-vasara-issukio-komplekts-2\/","og_site_name":"Fitnsweet.eu","article_modified_time":"2025-12-14T23:51:54+00:00","og_image":[{"width":1080,"height":1080,"url":"https:\/\/fitnsweet.eu\/wp-content\/uploads\/2020\/05\/trys-slim-shake_fitnsweetgertuve.png","type":"image\/png"}],"twitter_card":"summary_large_image","twitter_misc":{"Est. reading time":"2 min\u016btes"},"schema":{"@context":"https:\/\/schema.org","@graph":[{"@type":"WebPage","@id":"https:\/\/fitnsweet.eu\/produktas\/dailesnio-kuno-vasarai-issukio-rinkinys\/","url":"https:\/\/fitnsweet.eu\/produktas\/dailesnio-kuno-vasarai-issukio-rinkinys\/","name":"Slaid\u0101ka \u0137erme\u0146a komplekts ar Slim Queen - Fitnsweet.eu","isPartOf":{"@id":"https:\/\/fitnsweet.eu\/#website"},"primaryImageOfPage":{"@id":"https:\/\/fitnsweet.eu\/produktas\/dailesnio-kuno-vasarai-issukio-rinkinys\/#primaryimage"},"image":{"@id":"https:\/\/fitnsweet.eu\/produktas\/dailesnio-kuno-vasarai-issukio-rinkinys\/#primaryimage"},"thumbnailUrl":"https:\/\/fitnsweet.eu\/wp-content\/uploads\/2020\/05\/trys-slim-shake_fitnsweetgertuve.png","datePublished":"2020-05-08T09:04:32+00:00","dateModified":"2025-12-14T23:51:54+00:00","breadcrumb":{"@id":"https:\/\/fitnsweet.eu\/produktas\/dailesnio-kuno-vasarai-issukio-rinkinys\/#breadcrumb"},"inLanguage":"lv-LV","potentialAction":[{"@type":"ReadAction","target":["https:\/\/fitnsweet.eu\/produktas\/dailesnio-kuno-vasarai-issukio-rinkinys\/"]}]},{"@type":"ImageObject","inLanguage":"lv-LV","@id":"https:\/\/fitnsweet.eu\/produktas\/dailesnio-kuno-vasarai-issukio-rinkinys\/#primaryimage","url":"https:\/\/fitnsweet.eu\/wp-content\/uploads\/2020\/05\/trys-slim-shake_fitnsweetgertuve.png","contentUrl":"https:\/\/fitnsweet.eu\/wp-content\/uploads\/2020\/05\/trys-slim-shake_fitnsweetgertuve.png","width":1080,"height":1080},{"@type":"BreadcrumbList","@id":"https:\/\/fitnsweet.eu\/produktas\/dailesnio-kuno-vasarai-issukio-rinkinys\/#breadcrumb","itemListElement":[{"@type":"ListItem","position":1,"name":"Home","item":"https:\/\/fitnsweet.eu\/"},{"@type":"ListItem","position":2,"name":"Produktai","item":"https:\/\/fitnsweet.eu\/parduotuve\/"},{"@type":"ListItem","position":3,"name":"Lieknesnio k\u016bno su Slim Queen rinkinys"}]},{"@type":"WebSite","@id":"https:\/\/fitnsweet.eu\/#website","url":"https:\/\/fitnsweet.eu\/","name":"Fitnsweet.eu","description":"Sveiki. Salds. Noder\u012bgi.","potentialAction":[{"@type":"SearchAction","target":{"@type":"EntryPoint","urlTemplate":"https:\/\/fitnsweet.eu\/?s={search_term_string}"},"query-input":{"@type":"PropertyValueSpecification","valueRequired":true,"valueName":"search_term_string"}}],"inLanguage":"lv-LV"}]}},"_links":{"self":[{"href":"https:\/\/fitnsweet.eu\/lv\/wp-json\/wp\/v2\/product\/9262","targetHints":{"allow":["GET"]}}],"collection":[{"href":"https:\/\/fitnsweet.eu\/lv\/wp-json\/wp\/v2\/product"}],"about":[{"href":"https:\/\/fitnsweet.eu\/lv\/wp-json\/wp\/v2\/types\/product"}],"replies":[{"embeddable":true,"href":"https:\/\/fitnsweet.eu\/lv\/wp-json\/wp\/v2\/comments?post=9262"}],"version-history":[{"count":5,"href":"https:\/\/fitnsweet.eu\/lv\/wp-json\/wp\/v2\/product\/9262\/revisions"}],"predecessor-version":[{"id":57965,"href":"https:\/\/fitnsweet.eu\/lv\/wp-json\/wp\/v2\/product\/9262\/revisions\/57965"}],"wp:featuredmedia":[{"embeddable":true,"href":"https:\/\/fitnsweet.eu\/lv\/wp-json\/wp\/v2\/media\/45519"}],"wp:attachment":[{"href":"https:\/\/fitnsweet.eu\/lv\/wp-json\/wp\/v2\/media?parent=9262"}],"wp:term":[{"taxonomy":"product_brand","embeddable":true,"href":"https:\/\/fitnsweet.eu\/lv\/wp-json\/wp\/v2\/product_brand?post=9262"},{"taxonomy":"product_cat","embeddable":true,"href":"https:\/\/fitnsweet.eu\/lv\/wp-json\/wp\/v2\/product_cat?post=9262"},{"taxonomy":"product_tag","embeddable":true,"href":"https:\/\/fitnsweet.eu\/lv\/wp-json\/wp\/v2\/product_tag?post=9262"}],"curies":[{"name":"wp","href":"https:\/\/api.w.org\/{rel}","templated":true}]}}