{"id":9267,"date":"2020-05-08T12:19:09","date_gmt":"2020-05-08T09:19:09","guid":{"rendered":"https:\/\/fitnsweet.lt\/?post_type=product&#038;p=9267"},"modified":"2025-12-15T01:50:24","modified_gmt":"2025-12-14T23:50:24","slug":"smalkaks-kermenis-vasara-issukio-rinkinys-2","status":"publish","type":"product","link":"https:\/\/fitnsweet.eu\/lv\/produkts-2\/smalkaks-kermenis-vasara-issukio-rinkinys-2\/","title":{"rendered":"Slim Queen koktei\u013cu notiev\u0113\u0161anas komplekts"},"content":{"rendered":"<p><span style=\"color: #000000;\"><strong>Pat\u0113ri\u0146\u0161:<\/strong><\/span><br \/>\n<span style=\"color: #000000;\">Vienai porcijai (ekvivalents vienam \u0113dienam) pudel\u0113 vai noslauc\u012bt 30 g pulvera (1 m\u0113rkarote iepakojum\u0101), sajaukt ar 275 ml auksta piena vai \u016bdens un sakult apm\u0113ram 20 sekundes. J\u016bs jau varat nobaud\u012bt!<\/span><\/p>\n<p><span style=\"color: #000000;\"><strong>*<\/strong> Ja v\u0113laties zaud\u0113t svaru, divas \u0113dienreizes dien\u0101 (v\u0113lams brokastis, viena uzkoda dien\u0101 vai vakari\u0146as) vajadz\u0113tu aizst\u0101t ar Slim Queen kokteili. Ja j\u016bsu m\u0113r\u0137is ir saglab\u0101t svaru, pietiek ar vienu \u0113dienu, lai aizst\u0101tu vienu koktei\u013ca porciju dien\u0101. Lai to izdar\u012btu, jums j\u0101iev\u0113ro sagatavo\u0161anas ieteikumi. Dienas laik\u0101 ieteicams dzert ar\u012b pietiekami daudz \u0161\u0137idruma, v\u0113lams \u016bdeni. Kokteilis kalpo paredz\u0113tajam m\u0113r\u0137im saska\u0146\u0101 ar vesel\u012bga uztura principiem, t\u0101p\u0113c jums j\u0101p\u0101rliecin\u0101s, ka ar\u012b citi \u0113dieni b\u016bs da\u013ca no j\u016bsu uztura, vesel\u012bga uztura.<\/span><\/p>\n<p><span style=\"color: #000000;\"><strong>Sast\u0101vs:<\/strong><\/span><br \/>\n<span style=\"color: #000000;\">S\u016bkalu olbaltumvielu koncentr\u0101ts (satur emulgatoru: saulespu\u0137u lecit\u012bnu), maltodekstr\u012bnu, kalcija kazein\u0101tu (satur pienu, satur emulgatoru: saulespu\u0137u lecit\u012bnu), emulgatoru: sojas lecit\u012bnu, biezin\u0101t\u0101ju: glikomann\u0101nu; Smar\u017eas, magnija karbon\u0101ts, kalcija karbon\u0101ts, biezin\u0101t\u0101js: ksant\u0101ns; S\u0101ls, kakao pulveris ar zemu tauku saturu, k\u0101lija citr\u0101ts, kr\u0101sviela beta-karot\u012bns, L-askorb\u012bnsk\u0101be, saldin\u0101t\u0101js: saharoze; Dzelzs sulf\u0101ts, cinka glikon\u0101ts, vara glikon\u0101ts, mang\u0101na sulf\u0101ts, k\u0101lija jod\u012bds, n\u0101trija selen\u012bts, nikotinam\u012bds, dl-alfa-tokoferilacet\u0101ts, kalcija D-pantoten\u0101ts, piridoks\u012bna hidrohlor\u012bds, riboflav\u012bns, tiam\u012bna mononitr\u0101ts, retinilacet\u0101ts, retinilacet\u0101ts, , cianokobalam\u012bns.<\/span><\/p>\n<p><span style=\"color: #000000;\"><strong>Aler\u0123\u0113ni:<\/strong><\/span><br \/>\n<span style=\"color: #000000;\">Satur soju, piena produktus. Var b\u016bt olu un lipek\u013ca p\u0113das.<\/span><\/p>\n<p><span style=\"color: #000000;\"><strong>Ener\u0123\u0113tisk\u0101 v\u0113rt\u012bba 100 G \/ 30 G pulveris %\u00a0<\/strong><\/span><br \/>\n<span style=\"color: #000000;\">1691,47 kj, 404,00 kcal \/ 507,44 kj 121,20 kcal 6,06 procenti.<\/span><\/p>\n<p><span style=\"color: #000000;\"><em>tauki 11,00 g \/ 3,30 g 471%<\/em><\/span><br \/>\n<span style=\"color: #000000;\"><em>no tiem: pies\u0101tin\u0101t\u0101s tauksk\u0101bes 1,50 g \/ 0,45 g 2,25%<\/em><\/span><br \/>\n<span style=\"color: #000000;\"><em>og\u013chidr\u0101ti 37,00 g \/ 11,10 g 4,27%<\/em><\/span><br \/>\n<span style=\"color: #000000;\"><em>no tiem cukuri 5,30 g \/ 1,59 g 1,77%.<\/em><\/span><br \/>\n<span style=\"color: #000000;\"><em>\u0161\u0137iedru materi\u0101li 3,90 g \/ 1,17 g 3,90%<\/em><\/span><br \/>\n<span style=\"color: #000000;\"><em>olbaltumvielas 37,00 g \/ 11,10 g 2220%<\/em><\/span><br \/>\n<span style=\"color: #000000;\"><em>s\u0101\u013ci 1,00 g \/ 0,30 g 5,00%<\/em><\/span><\/p>","protected":false},"excerpt":{"rendered":"<p style=\"text-align: center;\"><span style=\"color: #000000;\"><strong>\u201eSLIM QUEEN\u201d KOKTEILIS PAKEIT\u0116 PAKUOT\u0118! KLIENT\u0116S TEIGIA, KAD TAI SKANIAUSIAS SVORIO METIMO \u2013 MAISTO PAKAITALO KOKTEILIS RINKOJE!<br \/>\n\u0160IUO METU PRIIMAMI I\u0160ANKSTINIAI KOKTEILI\u0172 U\u017dSAKYMAI, I\u0160SIUNTIMAS PLANUOJAMAS NUO LAPKRI\u010cIO 15-TOS DIENOS<\/strong><\/span><\/p>\n<p>\u017dongliruodami darbu, \u0161eima ir socialiniu gyvenimu, galite tur\u0117ti ma\u017eai laiko tinkamai pavalgyti. \u0160tai kur atsiranda Slim Queen maisto pakaitalo kokteiliai!<br \/>\nTai, \u00a0tobulai subalansuoti skoniai ir Premium kokyb\u0117s sud\u0117tis.<\/p>\n<p>Patogus ir taupantis laik\u0105: atsisveikinkite su stresu ruo\u0161iantis valg\u012f ar nesp\u0117jimu papusry\u010diauti! Naudodami Slim Queen maisto pakaitalo kokteilius, per kelias minutes gal\u0117site m\u0117gautis maistingu kokteiliu suteikian\u010diu sotum\u0105 iki 4 valand\u0173, puikiai tinkan\u010diu j\u016bs\u0173 u\u017eimtam gyvenimo b\u016bdui.<\/p>\n<p>Slim Queen &#8211; tai maistas J\u016bs\u0173 svorio kontrolei bei alternatyva kai nesp\u0117jate u\u017ek\u0105sti ar pavalgyti ryte. Tai tobulas sprendimas kai norite greit pasigaminti sveikus pusry\u010dius ir skub\u0117ti \u012f darbus ar mokslus. Idealus sprendimas kai tiesiog norite papildyti k\u016bn\u0105 naudingomis maistin\u0117mis med\u017eiagomis, vitaminais, mineralais. Slim Queen kokteiliai prisid\u0117s ir prie J\u016bs\u0173 skalndesn\u0117s, geresn\u0117s \u017earnyno veiklos, papildys \u017earnyn\u0105 prebiotikais.<\/p>\n<p><span style=\"color: #000000;\">Aizst\u0101jot Slim Queen brokast\u012bs, vakari\u0146\u0101s vai uzkod\u0101s dien\u0101, j\u016bs tagad varat viegli samazin\u0101t savu svaru. Izm\u0113\u0123iniet \u012bpa\u0161i gard\u0101s vani\u013cas, \u0161okol\u0101des, svaigu zeme\u0146u gar\u0161as un izv\u0113lieties savu iecien\u012bt\u0101ko. Tagad ir v\u0113l viegl\u0101k sagatavot un izdai\u013cot savu \u0137ermeni vasarai ar nov\u0101j\u0113\u0161anas kokteili Queen! Satur l\u012bdz 22 da\u017e\u0101diem vitam\u012bniem un miner\u0101lviel\u0101m!<\/span><\/p>\n<p><span style=\"color: #000000;\"><span style=\"color: #ff00ff;\"><strong>Komplektu veido:<\/strong> <\/span>dviej\u0173 skoni\u0173 liekn\u0117jimo kokteiliai \u201cSlim Queen\u201d po 420 g ir balta &#8211; skaidri 600ml talpos gertuv\u0117.\u00a0<\/span><\/p>\n<p><span style=\"color: #000000;\">Komplekt\u0101 eso\u0161o produktu t\u012brsvars ir 840 g.<\/span><\/p>\n<p>&nbsp;<\/p>\n<p><img fetchpriority=\"high\" decoding=\"async\" class=\"alignnone wp-image-26824\" src=\"https:\/\/fitnsweet.eu\/wp-content\/uploads\/2020\/11\/1_ikonos-03.png\" alt=\"\" width=\"539\" height=\"159\" \/><\/p>","protected":false},"featured_media":45518,"comment_status":"open","ping_status":"closed","template":"","meta":{"site-sidebar-layout":"default","site-content-layout":"default","ast-site-content-layout":"default","site-content-style":"default","site-sidebar-style":"default","ast-global-header-display":"","ast-banner-title-visibility":"","ast-main-header-display":"","ast-hfb-above-header-display":"","ast-hfb-below-header-display":"","ast-hfb-mobile-header-display":"","site-post-title":"","ast-breadcrumbs-content":"","ast-featured-img":"","footer-sml-layout":"","ast-disable-related-posts":"","theme-transparent-header-meta":"default","adv-header-id-meta":"","stick-header-meta":"","header-above-stick-meta":"","header-main-stick-meta":"","header-below-stick-meta":"","astra-migrate-meta-layouts":"set","ast-page-background-enabled":"default","ast-page-background-meta":{"desktop":{"background-color":"var(--ast-global-color-4)","background-image":"","background-repeat":"repeat","background-position":"center center","background-size":"auto","background-attachment":"scroll","background-type":"","background-media":"","overlay-type":"","overlay-color":"","overlay-opacity":"","overlay-gradient":""},"tablet":{"background-color":"","background-image":"","background-repeat":"repeat","background-position":"center center","background-size":"auto","background-attachment":"scroll","background-type":"","background-media":"","overlay-type":"","overlay-color":"","overlay-opacity":"","overlay-gradient":""},"mobile":{"background-color":"","background-image":"","background-repeat":"repeat","background-position":"center center","background-size":"auto","background-attachment":"scroll","background-type":"","background-media":"","overlay-type":"","overlay-color":"","overlay-opacity":"","overlay-gradient":""}},"ast-content-background-meta":{"desktop":{"background-color":"var(--ast-global-color-5)","background-image":"","background-repeat":"repeat","background-position":"center center","background-size":"auto","background-attachment":"scroll","background-type":"","background-media":"","overlay-type":"","overlay-color":"","overlay-opacity":"","overlay-gradient":""},"tablet":{"background-color":"var(--ast-global-color-5)","background-image":"","background-repeat":"repeat","background-position":"center center","background-size":"auto","background-attachment":"scroll","background-type":"","background-media":"","overlay-type":"","overlay-color":"","overlay-opacity":"","overlay-gradient":""},"mobile":{"background-color":"var(--ast-global-color-5)","background-image":"","background-repeat":"repeat","background-position":"center center","background-size":"auto","background-attachment":"scroll","background-type":"","background-media":"","overlay-type":"","overlay-color":"","overlay-opacity":"","overlay-gradient":""}}},"product_brand":[],"product_cat":[396,393,377,387,314,313,13,112,148],"product_tag":[296,77,327,326],"class_list":{"0":"post-9267","1":"product","2":"type-product","3":"status-publish","4":"has-post-thumbnail","6":"product_cat-lieknejimui","7":"product_cat-rinkiniai","8":"product_cat-slim-queen-maisto-pakaitalo-kokteiliai-2","9":"product_cat-visi-produktai","10":"product_cat-slim-queen-maisto-pakaitalo-kokteiliai","11":"product_cat-baltyminiai-kokteiliai","12":"product_cat-httpfitnsweet-ltprodukto-kategorijagymqueen","13":"product_cat-gymqueen-figurai","14":"product_cat-gymqueen-rinkiniai","15":"product_tag-lieknejimui","16":"product_tag-slim","17":"product_tag-slim-kokteilis","18":"product_tag-slim-queen","19":"desktop-align-left","20":"tablet-align-left","21":"mobile-align-left","23":"first","24":"instock","25":"sale","26":"taxable","27":"shipping-taxable","28":"purchasable","29":"product-type-variable"},"yoast_head":"<!-- This site is optimized with the Yoast SEO plugin v26.9 - https:\/\/yoast.com\/product\/yoast-seo-wordpress\/ -->\n<title>Slim Queen kokteili\u0173 liekn\u0117jimo rinkinys - Fitnsweet.eu<\/title>\n<meta name=\"robots\" content=\"index, follow, max-snippet:-1, max-image-preview:large, max-video-preview:-1\" \/>\n<link rel=\"canonical\" href=\"https:\/\/fitnsweet.eu\/lv\/produkts-2\/smalkaks-kermenis-vasara-issukio-rinkinys-2\/\" \/>\n<meta property=\"og:locale\" content=\"lv_LV\" \/>\n<meta property=\"og:type\" content=\"article\" \/>\n<meta property=\"og:title\" content=\"Slim Queen kokteili\u0173 liekn\u0117jimo rinkinys - Fitnsweet.eu\" \/>\n<meta property=\"og:description\" content=\"\u201eSLIM QUEEN\u201d KOKTEILIS PAKEIT\u0116 PAKUOT\u0118! KLIENT\u0116S TEIGIA, KAD TAI SKANIAUSIAS SVORIO METIMO \u2013 MAISTO PAKAITALO KOKTEILIS RINKOJE! \u0160IUO METU PRIIMAMI I\u0160ANKSTINIAI KOKTEILI\u0172 U\u017dSAKYMAI, I\u0160SIUNTIMAS PLANUOJAMAS NUO LAPKRI\u010cIO 15-TOS DIENOS \u017dongliruodami darbu, \u0161eima ir socialiniu gyvenimu, galite tur\u0117ti ma\u017eai laiko tinkamai pavalgyti. \u0160tai kur atsiranda Slim Queen maisto pakaitalo kokteiliai! Tai, \u00a0tobulai subalansuoti skoniai ir Premium kokyb\u0117s sud\u0117tis.  Patogus ir taupantis laik\u0105: atsisveikinkite su stresu ruo\u0161iantis valg\u012f ar nesp\u0117jimu papusry\u010diauti! Naudodami Slim Queen maisto pakaitalo kokteilius, per kelias minutes gal\u0117site m\u0117gautis maistingu kokteiliu suteikian\u010diu sotum\u0105 iki 4 valand\u0173, puikiai tinkan\u010diu j\u016bs\u0173 u\u017eimtam gyvenimo b\u016bdui.  Slim Queen - tai maistas J\u016bs\u0173 svorio kontrolei bei alternatyva kai nesp\u0117jate u\u017ek\u0105sti ar pavalgyti ryte. Tai tobulas sprendimas kai norite greit pasigaminti sveikus pusry\u010dius ir skub\u0117ti \u012f darbus ar mokslus. Idealus sprendimas kai tiesiog norite papildyti k\u016bn\u0105 naudingomis maistin\u0117mis med\u017eiagomis, vitaminais, mineralais. Slim Queen kokteiliai prisid\u0117s ir prie J\u016bs\u0173 skalndesn\u0117s, geresn\u0117s \u017earnyno veiklos, papildys \u017earnyn\u0105 prebiotikais.  Pusry\u010dius, vakarien\u0119 ar dienos u\u017ekand\u012f pakeisdami \u201cSlim Queen\u201d, dabar galite lengvai suma\u017einti savo svor\u012f. I\u0161bandykite ypa\u010d gard\u017eius vanil\u0117s, \u0161okolado, \u0161vie\u017ei\u0173 bra\u0161ki\u0173 skonius ir i\u0161sirinkite savo m\u0117gstamiausi\u0105. Dabar ruo\u0161ti bei dailinti k\u016bn\u0105 vasarai dar lengviau su Queen liekn\u0117jimo kokteiliu! Sud\u0117tyje yra net iki 22 skirting\u0173 vitamin\u0173 ir mineral\u0173!  Rinkin\u012f sudaro: dviej\u0173 skoni\u0173 liekn\u0117jimo kokteiliai \u201cSlim Queen\u201d po 420 g ir balta - skaidri 600ml talpos gertuv\u0117.\u00a0  Grynasis rinkinyje esan\u010di\u0173 gamini\u0173 svoris - 840 g.  &nbsp;\" \/>\n<meta property=\"og:url\" content=\"https:\/\/fitnsweet.eu\/lv\/produkts-2\/smalkaks-kermenis-vasara-issukio-rinkinys-2\/\" \/>\n<meta property=\"og:site_name\" content=\"Fitnsweet.eu\" \/>\n<meta property=\"article:modified_time\" content=\"2025-12-14T23:50:24+00:00\" \/>\n<meta property=\"og:image\" content=\"https:\/\/fitnsweet.eu\/wp-content\/uploads\/2020\/05\/dvieju-slimgertuve-dovan_fitnsweet.png\" \/>\n\t<meta property=\"og:image:width\" content=\"1080\" \/>\n\t<meta property=\"og:image:height\" content=\"1080\" \/>\n\t<meta property=\"og:image:type\" content=\"image\/png\" \/>\n<meta name=\"twitter:card\" content=\"summary_large_image\" \/>\n<meta name=\"twitter:label1\" content=\"Est. reading time\" \/>\n\t<meta name=\"twitter:data1\" content=\"2 min\u016btes\" \/>\n<script type=\"application\/ld+json\" class=\"yoast-schema-graph\">{\"@context\":\"https:\/\/schema.org\",\"@graph\":[{\"@type\":\"WebPage\",\"@id\":\"https:\/\/fitnsweet.eu\/produktas\/dailesnio-kuno-vasarai-issukio-rinkinys-2\/\",\"url\":\"https:\/\/fitnsweet.eu\/produktas\/dailesnio-kuno-vasarai-issukio-rinkinys-2\/\",\"name\":\"Slim Queen kokteili\u0173 liekn\u0117jimo rinkinys - Fitnsweet.eu\",\"isPartOf\":{\"@id\":\"https:\/\/fitnsweet.eu\/#website\"},\"primaryImageOfPage\":{\"@id\":\"https:\/\/fitnsweet.eu\/produktas\/dailesnio-kuno-vasarai-issukio-rinkinys-2\/#primaryimage\"},\"image\":{\"@id\":\"https:\/\/fitnsweet.eu\/produktas\/dailesnio-kuno-vasarai-issukio-rinkinys-2\/#primaryimage\"},\"thumbnailUrl\":\"https:\/\/fitnsweet.eu\/wp-content\/uploads\/2020\/05\/dvieju-slimgertuve-dovan_fitnsweet.png\",\"datePublished\":\"2020-05-08T09:19:09+00:00\",\"dateModified\":\"2025-12-14T23:50:24+00:00\",\"breadcrumb\":{\"@id\":\"https:\/\/fitnsweet.eu\/produktas\/dailesnio-kuno-vasarai-issukio-rinkinys-2\/#breadcrumb\"},\"inLanguage\":\"lv-LV\",\"potentialAction\":[{\"@type\":\"ReadAction\",\"target\":[\"https:\/\/fitnsweet.eu\/produktas\/dailesnio-kuno-vasarai-issukio-rinkinys-2\/\"]}]},{\"@type\":\"ImageObject\",\"inLanguage\":\"lv-LV\",\"@id\":\"https:\/\/fitnsweet.eu\/produktas\/dailesnio-kuno-vasarai-issukio-rinkinys-2\/#primaryimage\",\"url\":\"https:\/\/fitnsweet.eu\/wp-content\/uploads\/2020\/05\/dvieju-slimgertuve-dovan_fitnsweet.png\",\"contentUrl\":\"https:\/\/fitnsweet.eu\/wp-content\/uploads\/2020\/05\/dvieju-slimgertuve-dovan_fitnsweet.png\",\"width\":1080,\"height\":1080},{\"@type\":\"BreadcrumbList\",\"@id\":\"https:\/\/fitnsweet.eu\/produktas\/dailesnio-kuno-vasarai-issukio-rinkinys-2\/#breadcrumb\",\"itemListElement\":[{\"@type\":\"ListItem\",\"position\":1,\"name\":\"Home\",\"item\":\"https:\/\/fitnsweet.eu\/\"},{\"@type\":\"ListItem\",\"position\":2,\"name\":\"Produktai\",\"item\":\"https:\/\/fitnsweet.eu\/parduotuve\/\"},{\"@type\":\"ListItem\",\"position\":3,\"name\":\"Slim Queen kokteili\u0173 liekn\u0117jimo rinkinys\"}]},{\"@type\":\"WebSite\",\"@id\":\"https:\/\/fitnsweet.eu\/#website\",\"url\":\"https:\/\/fitnsweet.eu\/\",\"name\":\"Fitnsweet.eu\",\"description\":\"Sveika. Saldu. Naudinga.\",\"potentialAction\":[{\"@type\":\"SearchAction\",\"target\":{\"@type\":\"EntryPoint\",\"urlTemplate\":\"https:\/\/fitnsweet.eu\/?s={search_term_string}\"},\"query-input\":{\"@type\":\"PropertyValueSpecification\",\"valueRequired\":true,\"valueName\":\"search_term_string\"}}],\"inLanguage\":\"lv-LV\"}]}<\/script>\n<!-- \/ Yoast SEO plugin. -->","yoast_head_json":{"title":"Slim Queen kokteili\u0173 liekn\u0117jimo rinkinys - Fitnsweet.eu","robots":{"index":"index","follow":"follow","max-snippet":"max-snippet:-1","max-image-preview":"max-image-preview:large","max-video-preview":"max-video-preview:-1"},"canonical":"https:\/\/fitnsweet.eu\/lv\/produkts-2\/smalkaks-kermenis-vasara-issukio-rinkinys-2\/","og_locale":"lv_LV","og_type":"article","og_title":"Slim Queen kokteili\u0173 liekn\u0117jimo rinkinys - Fitnsweet.eu","og_description":"\u201eSLIM QUEEN\u201d KOKTEILIS PAKEIT\u0116 PAKUOT\u0118! KLIENT\u0116S TEIGIA, KAD TAI SKANIAUSIAS SVORIO METIMO \u2013 MAISTO PAKAITALO KOKTEILIS RINKOJE! \u0160IUO METU PRIIMAMI I\u0160ANKSTINIAI KOKTEILI\u0172 U\u017dSAKYMAI, I\u0160SIUNTIMAS PLANUOJAMAS NUO LAPKRI\u010cIO 15-TOS DIENOS \u017dongliruodami darbu, \u0161eima ir socialiniu gyvenimu, galite tur\u0117ti ma\u017eai laiko tinkamai pavalgyti. \u0160tai kur atsiranda Slim Queen maisto pakaitalo kokteiliai! Tai, \u00a0tobulai subalansuoti skoniai ir Premium kokyb\u0117s sud\u0117tis.  Patogus ir taupantis laik\u0105: atsisveikinkite su stresu ruo\u0161iantis valg\u012f ar nesp\u0117jimu papusry\u010diauti! Naudodami Slim Queen maisto pakaitalo kokteilius, per kelias minutes gal\u0117site m\u0117gautis maistingu kokteiliu suteikian\u010diu sotum\u0105 iki 4 valand\u0173, puikiai tinkan\u010diu j\u016bs\u0173 u\u017eimtam gyvenimo b\u016bdui.  Slim Queen - tai maistas J\u016bs\u0173 svorio kontrolei bei alternatyva kai nesp\u0117jate u\u017ek\u0105sti ar pavalgyti ryte. Tai tobulas sprendimas kai norite greit pasigaminti sveikus pusry\u010dius ir skub\u0117ti \u012f darbus ar mokslus. Idealus sprendimas kai tiesiog norite papildyti k\u016bn\u0105 naudingomis maistin\u0117mis med\u017eiagomis, vitaminais, mineralais. Slim Queen kokteiliai prisid\u0117s ir prie J\u016bs\u0173 skalndesn\u0117s, geresn\u0117s \u017earnyno veiklos, papildys \u017earnyn\u0105 prebiotikais.  Pusry\u010dius, vakarien\u0119 ar dienos u\u017ekand\u012f pakeisdami \u201cSlim Queen\u201d, dabar galite lengvai suma\u017einti savo svor\u012f. I\u0161bandykite ypa\u010d gard\u017eius vanil\u0117s, \u0161okolado, \u0161vie\u017ei\u0173 bra\u0161ki\u0173 skonius ir i\u0161sirinkite savo m\u0117gstamiausi\u0105. Dabar ruo\u0161ti bei dailinti k\u016bn\u0105 vasarai dar lengviau su Queen liekn\u0117jimo kokteiliu! Sud\u0117tyje yra net iki 22 skirting\u0173 vitamin\u0173 ir mineral\u0173!  Rinkin\u012f sudaro: dviej\u0173 skoni\u0173 liekn\u0117jimo kokteiliai \u201cSlim Queen\u201d po 420 g ir balta - skaidri 600ml talpos gertuv\u0117.\u00a0  Grynasis rinkinyje esan\u010di\u0173 gamini\u0173 svoris - 840 g.  &nbsp;","og_url":"https:\/\/fitnsweet.eu\/lv\/produkts-2\/smalkaks-kermenis-vasara-issukio-rinkinys-2\/","og_site_name":"Fitnsweet.eu","article_modified_time":"2025-12-14T23:50:24+00:00","og_image":[{"width":1080,"height":1080,"url":"https:\/\/fitnsweet.eu\/wp-content\/uploads\/2020\/05\/dvieju-slimgertuve-dovan_fitnsweet.png","type":"image\/png"}],"twitter_card":"summary_large_image","twitter_misc":{"Est. reading time":"2 min\u016btes"},"schema":{"@context":"https:\/\/schema.org","@graph":[{"@type":"WebPage","@id":"https:\/\/fitnsweet.eu\/produktas\/dailesnio-kuno-vasarai-issukio-rinkinys-2\/","url":"https:\/\/fitnsweet.eu\/produktas\/dailesnio-kuno-vasarai-issukio-rinkinys-2\/","name":"Slim Queen kokteili\u0173 liekn\u0117jimo rinkinys - Fitnsweet.eu","isPartOf":{"@id":"https:\/\/fitnsweet.eu\/#website"},"primaryImageOfPage":{"@id":"https:\/\/fitnsweet.eu\/produktas\/dailesnio-kuno-vasarai-issukio-rinkinys-2\/#primaryimage"},"image":{"@id":"https:\/\/fitnsweet.eu\/produktas\/dailesnio-kuno-vasarai-issukio-rinkinys-2\/#primaryimage"},"thumbnailUrl":"https:\/\/fitnsweet.eu\/wp-content\/uploads\/2020\/05\/dvieju-slimgertuve-dovan_fitnsweet.png","datePublished":"2020-05-08T09:19:09+00:00","dateModified":"2025-12-14T23:50:24+00:00","breadcrumb":{"@id":"https:\/\/fitnsweet.eu\/produktas\/dailesnio-kuno-vasarai-issukio-rinkinys-2\/#breadcrumb"},"inLanguage":"lv-LV","potentialAction":[{"@type":"ReadAction","target":["https:\/\/fitnsweet.eu\/produktas\/dailesnio-kuno-vasarai-issukio-rinkinys-2\/"]}]},{"@type":"ImageObject","inLanguage":"lv-LV","@id":"https:\/\/fitnsweet.eu\/produktas\/dailesnio-kuno-vasarai-issukio-rinkinys-2\/#primaryimage","url":"https:\/\/fitnsweet.eu\/wp-content\/uploads\/2020\/05\/dvieju-slimgertuve-dovan_fitnsweet.png","contentUrl":"https:\/\/fitnsweet.eu\/wp-content\/uploads\/2020\/05\/dvieju-slimgertuve-dovan_fitnsweet.png","width":1080,"height":1080},{"@type":"BreadcrumbList","@id":"https:\/\/fitnsweet.eu\/produktas\/dailesnio-kuno-vasarai-issukio-rinkinys-2\/#breadcrumb","itemListElement":[{"@type":"ListItem","position":1,"name":"Home","item":"https:\/\/fitnsweet.eu\/"},{"@type":"ListItem","position":2,"name":"Produktai","item":"https:\/\/fitnsweet.eu\/parduotuve\/"},{"@type":"ListItem","position":3,"name":"Slim Queen kokteili\u0173 liekn\u0117jimo rinkinys"}]},{"@type":"WebSite","@id":"https:\/\/fitnsweet.eu\/#website","url":"https:\/\/fitnsweet.eu\/","name":"Fitnsweet.eu","description":"Sveiki. Salds. Noder\u012bgi.","potentialAction":[{"@type":"SearchAction","target":{"@type":"EntryPoint","urlTemplate":"https:\/\/fitnsweet.eu\/?s={search_term_string}"},"query-input":{"@type":"PropertyValueSpecification","valueRequired":true,"valueName":"search_term_string"}}],"inLanguage":"lv-LV"}]}},"_links":{"self":[{"href":"https:\/\/fitnsweet.eu\/lv\/wp-json\/wp\/v2\/product\/9267","targetHints":{"allow":["GET"]}}],"collection":[{"href":"https:\/\/fitnsweet.eu\/lv\/wp-json\/wp\/v2\/product"}],"about":[{"href":"https:\/\/fitnsweet.eu\/lv\/wp-json\/wp\/v2\/types\/product"}],"replies":[{"embeddable":true,"href":"https:\/\/fitnsweet.eu\/lv\/wp-json\/wp\/v2\/comments?post=9267"}],"version-history":[{"count":5,"href":"https:\/\/fitnsweet.eu\/lv\/wp-json\/wp\/v2\/product\/9267\/revisions"}],"predecessor-version":[{"id":57964,"href":"https:\/\/fitnsweet.eu\/lv\/wp-json\/wp\/v2\/product\/9267\/revisions\/57964"}],"wp:featuredmedia":[{"embeddable":true,"href":"https:\/\/fitnsweet.eu\/lv\/wp-json\/wp\/v2\/media\/45518"}],"wp:attachment":[{"href":"https:\/\/fitnsweet.eu\/lv\/wp-json\/wp\/v2\/media?parent=9267"}],"wp:term":[{"taxonomy":"product_brand","embeddable":true,"href":"https:\/\/fitnsweet.eu\/lv\/wp-json\/wp\/v2\/product_brand?post=9267"},{"taxonomy":"product_cat","embeddable":true,"href":"https:\/\/fitnsweet.eu\/lv\/wp-json\/wp\/v2\/product_cat?post=9267"},{"taxonomy":"product_tag","embeddable":true,"href":"https:\/\/fitnsweet.eu\/lv\/wp-json\/wp\/v2\/product_tag?post=9267"}],"curies":[{"name":"wp","href":"https:\/\/api.w.org\/{rel}","templated":true}]}}