{"id":9275,"date":"2020-05-08T12:52:30","date_gmt":"2020-05-08T09:52:30","guid":{"rendered":"https:\/\/fitnsweet.lt\/?post_type=product&#038;p=9275"},"modified":"2026-01-20T23:56:23","modified_gmt":"2026-01-20T21:56:23","slug":"jusu-iecienitakais-komplekts-2","status":"publish","type":"product","link":"https:\/\/fitnsweet.eu\/lv\/produkts-2\/jusu-iecienitakais-komplekts-2\/","title":{"rendered":"J\u016bsu iecien\u012bt\u0101kais komplekts"},"content":{"rendered":"<p><span style=\"color: #ff00ff;\">Sast\u0101vs:<\/span> \u016bdens, aromatiz\u0113t\u0101ji, saldin\u0101t\u0101js sukraloze.<\/p>\n<p><span style=\"color: #ff00ff;\">Lieto\u0161ana:<\/span> pudel\u0113 ir apm\u0113ram 60 l\u012bdz 70 porcijas. Izmantojiet p\u0113c gar\u0161as.<\/p>\n<p><span style=\"color: #ff00ff;\">Der\u012bgums:<\/span> nor\u0101d\u012bts uz iepakojuma.<br \/>\n<span style=\"color: #ff00ff;\">Ra\u017eot\u0101js:<\/span> V\u0101cija.<\/p>","protected":false},"excerpt":{"rendered":"<p><span style=\"color: #000000;\">GymQueen gar\u0161as pilieni bez lipek\u013ca, bez laktozes ar\u012b nesatur sint\u0113tiskas kr\u0101svielas, gar\u0161as pastiprin\u0101t\u0101jus. Queen gar\u0161as pilieni ir izgatavoti V\u0101cij\u0101 no augst\u0101k\u0101s kvalit\u0101tes materi\u0101liem.<\/span><\/p>\n<p><span style=\"color: #000000;\">\u0160iem pilieniem ir lieliska gar\u0161a, pat\u012bkams dab\u012bgais saldums un lieliska smar\u017ea.<\/span><br \/>\n<span style=\"color: #000000;\">Nesatur kalorijas, cukuru, og\u013chidr\u0101tus vai taukus.<\/span><br \/>\n<span style=\"color: #000000;\">Tas ar\u012b nesatur aspart\u0101mu.\u00a0<\/span><br \/>\n<span style=\"color: #000000;\">Lietojot tikai da\u017eus pilienus \u0161\u012b produkta, da\u017e\u0101di \u0113dieni, piem\u0113ram, putra vai citas konditorejas izstr\u0101d\u0101jumi, un da\u017e\u0101di dz\u0113rieni, bez cukura lieto\u0161anas, k\u013c\u016bs saldi un \u012bpa\u0161i atbilsto\u0161i j\u016bsu iecien\u012btajai gaumei!<\/span><\/p>\n<p><span style=\"color: #000000;\"><strong>Komplektu veido:<\/strong> penki\u0173 skoni\u0173 GymQueen la\u0161ai (kinder Queen, maxi Q, karamel\u0117s, rie\u0161ut\u0173 nuga ir vanil\u0117s).<\/span><\/p>","protected":false},"featured_media":9276,"comment_status":"open","ping_status":"closed","template":"","meta":{"site-sidebar-layout":"default","site-content-layout":"default","ast-site-content-layout":"default","site-content-style":"default","site-sidebar-style":"default","ast-global-header-display":"","ast-banner-title-visibility":"","ast-main-header-display":"","ast-hfb-above-header-display":"","ast-hfb-below-header-display":"","ast-hfb-mobile-header-display":"","site-post-title":"","ast-breadcrumbs-content":"","ast-featured-img":"","footer-sml-layout":"","ast-disable-related-posts":"","theme-transparent-header-meta":"default","adv-header-id-meta":"","stick-header-meta":"","header-above-stick-meta":"","header-main-stick-meta":"","header-below-stick-meta":"","astra-migrate-meta-layouts":"set","ast-page-background-enabled":"default","ast-page-background-meta":{"desktop":{"background-color":"var(--ast-global-color-4)","background-image":"","background-repeat":"repeat","background-position":"center center","background-size":"auto","background-attachment":"scroll","background-type":"","background-media":"","overlay-type":"","overlay-color":"","overlay-opacity":"","overlay-gradient":""},"tablet":{"background-color":"","background-image":"","background-repeat":"repeat","background-position":"center center","background-size":"auto","background-attachment":"scroll","background-type":"","background-media":"","overlay-type":"","overlay-color":"","overlay-opacity":"","overlay-gradient":""},"mobile":{"background-color":"","background-image":"","background-repeat":"repeat","background-position":"center center","background-size":"auto","background-attachment":"scroll","background-type":"","background-media":"","overlay-type":"","overlay-color":"","overlay-opacity":"","overlay-gradient":""}},"ast-content-background-meta":{"desktop":{"background-color":"var(--ast-global-color-5)","background-image":"","background-repeat":"repeat","background-position":"center center","background-size":"auto","background-attachment":"scroll","background-type":"","background-media":"","overlay-type":"","overlay-color":"","overlay-opacity":"","overlay-gradient":""},"tablet":{"background-color":"var(--ast-global-color-5)","background-image":"","background-repeat":"repeat","background-position":"center center","background-size":"auto","background-attachment":"scroll","background-type":"","background-media":"","overlay-type":"","overlay-color":"","overlay-opacity":"","overlay-gradient":""},"mobile":{"background-color":"var(--ast-global-color-5)","background-image":"","background-repeat":"repeat","background-position":"center center","background-size":"auto","background-attachment":"scroll","background-type":"","background-media":"","overlay-type":"","overlay-color":"","overlay-opacity":"","overlay-gradient":""}}},"product_brand":[],"product_cat":[396,393,378,387,13,148,320],"product_tag":[],"class_list":{"0":"post-9275","1":"product","2":"type-product","3":"status-publish","4":"has-post-thumbnail","6":"product_cat-lieknejimui","7":"product_cat-rinkiniai","8":"product_cat-uzkandziai","9":"product_cat-visi-produktai","10":"product_cat-httpfitnsweet-ltprodukto-kategorijagymqueen","11":"product_cat-gymqueen-rinkiniai","12":"product_cat-skonio-lasai-saldikliai","13":"desktop-align-left","14":"tablet-align-left","15":"mobile-align-left","17":"first","18":"outofstock","19":"sale","20":"taxable","21":"shipping-taxable","22":"purchasable","23":"product-type-simple"},"yoast_head":"<!-- This site is optimized with the Yoast SEO plugin v26.9 - https:\/\/yoast.com\/product\/yoast-seo-wordpress\/ -->\n<title>J\u016bs\u0173 m\u0117gstamiausi\u0173j\u0173 rinkinys - Fitnsweet.eu<\/title>\n<meta name=\"robots\" content=\"index, follow, max-snippet:-1, max-image-preview:large, max-video-preview:-1\" \/>\n<link rel=\"canonical\" href=\"https:\/\/fitnsweet.eu\/lv\/produkts-2\/jusu-iecienitakais-komplekts-2\/\" \/>\n<meta property=\"og:locale\" content=\"lv_LV\" \/>\n<meta property=\"og:type\" content=\"article\" \/>\n<meta property=\"og:title\" content=\"J\u016bs\u0173 m\u0117gstamiausi\u0173j\u0173 rinkinys - Fitnsweet.eu\" \/>\n<meta property=\"og:description\" content=\"GymQueen skonio la\u0161ai be glitimo, be laktoz\u0117s, sud\u0117tyje taip pat n\u0117ra sintetini\u0173 da\u017eikli\u0173, skonio stiprikli\u0173. Queen skonio la\u0161ai pagaminti Vokietijoje i\u0161 auk\u0161\u010diausios kokyb\u0117s med\u017eiag\u0173.  \u0160ie la\u0161ai pasi\u017eymi puikiu skoniu, maloniu nat\u016braliu saldumu bei puikiu kvapu. Sud\u0117tyje n\u0117ra kalorij\u0173, cukraus, angliavandeni\u0173 ar riebal\u0173. Taip pat sud\u0117tyje n\u0117ra aspartamo.\u00a0 Su vos keliais la\u0161ais \u0161io produkto J\u016bs\u0173 \u012fvair\u016bs patiekalai tokie kaip ko\u0161\u0117s ar kiti kepiniai bei \u012fvairiausi g\u0117rimai taps sald\u016bs ir ypatingo J\u016bs\u0173 m\u0117gstamo skonio nenaudojant cukraus!  Rinkin\u012f sudaro: penki\u0173 skoni\u0173 GymQueen la\u0161ai (kinder Queen, maxi Q, karamel\u0117s, rie\u0161ut\u0173 nuga ir vanil\u0117s).\" \/>\n<meta property=\"og:url\" content=\"https:\/\/fitnsweet.eu\/lv\/produkts-2\/jusu-iecienitakais-komplekts-2\/\" \/>\n<meta property=\"og:site_name\" content=\"Fitnsweet.eu\" \/>\n<meta property=\"article:modified_time\" content=\"2026-01-20T21:56:23+00:00\" \/>\n<meta property=\"og:image\" content=\"https:\/\/fitnsweet.eu\/wp-content\/uploads\/2020\/05\/dropsai.jpg\" \/>\n\t<meta property=\"og:image:width\" content=\"1600\" \/>\n\t<meta property=\"og:image:height\" content=\"1600\" \/>\n\t<meta property=\"og:image:type\" content=\"image\/jpeg\" \/>\n<meta name=\"twitter:card\" content=\"summary_large_image\" \/>\n<meta name=\"twitter:label1\" content=\"Est. reading time\" \/>\n\t<meta name=\"twitter:data1\" content=\"1 min\u016bte\" \/>\n<script type=\"application\/ld+json\" class=\"yoast-schema-graph\">{\"@context\":\"https:\/\/schema.org\",\"@graph\":[{\"@type\":\"WebPage\",\"@id\":\"https:\/\/fitnsweet.eu\/produktas\/jusu-megstamiausiuju-rinkinys\/\",\"url\":\"https:\/\/fitnsweet.eu\/produktas\/jusu-megstamiausiuju-rinkinys\/\",\"name\":\"J\u016bs\u0173 m\u0117gstamiausi\u0173j\u0173 rinkinys - Fitnsweet.eu\",\"isPartOf\":{\"@id\":\"https:\/\/fitnsweet.eu\/#website\"},\"primaryImageOfPage\":{\"@id\":\"https:\/\/fitnsweet.eu\/produktas\/jusu-megstamiausiuju-rinkinys\/#primaryimage\"},\"image\":{\"@id\":\"https:\/\/fitnsweet.eu\/produktas\/jusu-megstamiausiuju-rinkinys\/#primaryimage\"},\"thumbnailUrl\":\"https:\/\/fitnsweet.eu\/wp-content\/uploads\/2020\/05\/dropsai.jpg\",\"datePublished\":\"2020-05-08T09:52:30+00:00\",\"dateModified\":\"2026-01-20T21:56:23+00:00\",\"breadcrumb\":{\"@id\":\"https:\/\/fitnsweet.eu\/produktas\/jusu-megstamiausiuju-rinkinys\/#breadcrumb\"},\"inLanguage\":\"lv-LV\",\"potentialAction\":[{\"@type\":\"ReadAction\",\"target\":[\"https:\/\/fitnsweet.eu\/produktas\/jusu-megstamiausiuju-rinkinys\/\"]}]},{\"@type\":\"ImageObject\",\"inLanguage\":\"lv-LV\",\"@id\":\"https:\/\/fitnsweet.eu\/produktas\/jusu-megstamiausiuju-rinkinys\/#primaryimage\",\"url\":\"https:\/\/fitnsweet.eu\/wp-content\/uploads\/2020\/05\/dropsai.jpg\",\"contentUrl\":\"https:\/\/fitnsweet.eu\/wp-content\/uploads\/2020\/05\/dropsai.jpg\",\"width\":1600,\"height\":1600},{\"@type\":\"BreadcrumbList\",\"@id\":\"https:\/\/fitnsweet.eu\/produktas\/jusu-megstamiausiuju-rinkinys\/#breadcrumb\",\"itemListElement\":[{\"@type\":\"ListItem\",\"position\":1,\"name\":\"Home\",\"item\":\"https:\/\/fitnsweet.eu\/\"},{\"@type\":\"ListItem\",\"position\":2,\"name\":\"Produktai\",\"item\":\"https:\/\/fitnsweet.eu\/parduotuve\/\"},{\"@type\":\"ListItem\",\"position\":3,\"name\":\"J\u016bs\u0173 m\u0117gstamiausi\u0173j\u0173 rinkinys\"}]},{\"@type\":\"WebSite\",\"@id\":\"https:\/\/fitnsweet.eu\/#website\",\"url\":\"https:\/\/fitnsweet.eu\/\",\"name\":\"Fitnsweet.eu\",\"description\":\"Sveika. Saldu. Naudinga.\",\"potentialAction\":[{\"@type\":\"SearchAction\",\"target\":{\"@type\":\"EntryPoint\",\"urlTemplate\":\"https:\/\/fitnsweet.eu\/?s={search_term_string}\"},\"query-input\":{\"@type\":\"PropertyValueSpecification\",\"valueRequired\":true,\"valueName\":\"search_term_string\"}}],\"inLanguage\":\"lv-LV\"}]}<\/script>\n<!-- \/ Yoast SEO plugin. -->","yoast_head_json":{"title":"J\u016bs\u0173 m\u0117gstamiausi\u0173j\u0173 rinkinys - Fitnsweet.eu","robots":{"index":"index","follow":"follow","max-snippet":"max-snippet:-1","max-image-preview":"max-image-preview:large","max-video-preview":"max-video-preview:-1"},"canonical":"https:\/\/fitnsweet.eu\/lv\/produkts-2\/jusu-iecienitakais-komplekts-2\/","og_locale":"lv_LV","og_type":"article","og_title":"J\u016bs\u0173 m\u0117gstamiausi\u0173j\u0173 rinkinys - Fitnsweet.eu","og_description":"GymQueen skonio la\u0161ai be glitimo, be laktoz\u0117s, sud\u0117tyje taip pat n\u0117ra sintetini\u0173 da\u017eikli\u0173, skonio stiprikli\u0173. Queen skonio la\u0161ai pagaminti Vokietijoje i\u0161 auk\u0161\u010diausios kokyb\u0117s med\u017eiag\u0173.  \u0160ie la\u0161ai pasi\u017eymi puikiu skoniu, maloniu nat\u016braliu saldumu bei puikiu kvapu. Sud\u0117tyje n\u0117ra kalorij\u0173, cukraus, angliavandeni\u0173 ar riebal\u0173. Taip pat sud\u0117tyje n\u0117ra aspartamo.\u00a0 Su vos keliais la\u0161ais \u0161io produkto J\u016bs\u0173 \u012fvair\u016bs patiekalai tokie kaip ko\u0161\u0117s ar kiti kepiniai bei \u012fvairiausi g\u0117rimai taps sald\u016bs ir ypatingo J\u016bs\u0173 m\u0117gstamo skonio nenaudojant cukraus!  Rinkin\u012f sudaro: penki\u0173 skoni\u0173 GymQueen la\u0161ai (kinder Queen, maxi Q, karamel\u0117s, rie\u0161ut\u0173 nuga ir vanil\u0117s).","og_url":"https:\/\/fitnsweet.eu\/lv\/produkts-2\/jusu-iecienitakais-komplekts-2\/","og_site_name":"Fitnsweet.eu","article_modified_time":"2026-01-20T21:56:23+00:00","og_image":[{"width":1600,"height":1600,"url":"https:\/\/fitnsweet.eu\/wp-content\/uploads\/2020\/05\/dropsai.jpg","type":"image\/jpeg"}],"twitter_card":"summary_large_image","twitter_misc":{"Est. reading time":"1 min\u016bte"},"schema":{"@context":"https:\/\/schema.org","@graph":[{"@type":"WebPage","@id":"https:\/\/fitnsweet.eu\/produktas\/jusu-megstamiausiuju-rinkinys\/","url":"https:\/\/fitnsweet.eu\/produktas\/jusu-megstamiausiuju-rinkinys\/","name":"J\u016bs\u0173 m\u0117gstamiausi\u0173j\u0173 rinkinys - Fitnsweet.eu","isPartOf":{"@id":"https:\/\/fitnsweet.eu\/#website"},"primaryImageOfPage":{"@id":"https:\/\/fitnsweet.eu\/produktas\/jusu-megstamiausiuju-rinkinys\/#primaryimage"},"image":{"@id":"https:\/\/fitnsweet.eu\/produktas\/jusu-megstamiausiuju-rinkinys\/#primaryimage"},"thumbnailUrl":"https:\/\/fitnsweet.eu\/wp-content\/uploads\/2020\/05\/dropsai.jpg","datePublished":"2020-05-08T09:52:30+00:00","dateModified":"2026-01-20T21:56:23+00:00","breadcrumb":{"@id":"https:\/\/fitnsweet.eu\/produktas\/jusu-megstamiausiuju-rinkinys\/#breadcrumb"},"inLanguage":"lv-LV","potentialAction":[{"@type":"ReadAction","target":["https:\/\/fitnsweet.eu\/produktas\/jusu-megstamiausiuju-rinkinys\/"]}]},{"@type":"ImageObject","inLanguage":"lv-LV","@id":"https:\/\/fitnsweet.eu\/produktas\/jusu-megstamiausiuju-rinkinys\/#primaryimage","url":"https:\/\/fitnsweet.eu\/wp-content\/uploads\/2020\/05\/dropsai.jpg","contentUrl":"https:\/\/fitnsweet.eu\/wp-content\/uploads\/2020\/05\/dropsai.jpg","width":1600,"height":1600},{"@type":"BreadcrumbList","@id":"https:\/\/fitnsweet.eu\/produktas\/jusu-megstamiausiuju-rinkinys\/#breadcrumb","itemListElement":[{"@type":"ListItem","position":1,"name":"Home","item":"https:\/\/fitnsweet.eu\/"},{"@type":"ListItem","position":2,"name":"Produktai","item":"https:\/\/fitnsweet.eu\/parduotuve\/"},{"@type":"ListItem","position":3,"name":"J\u016bs\u0173 m\u0117gstamiausi\u0173j\u0173 rinkinys"}]},{"@type":"WebSite","@id":"https:\/\/fitnsweet.eu\/#website","url":"https:\/\/fitnsweet.eu\/","name":"Fitnsweet.eu","description":"Sveiki. Salds. Noder\u012bgi.","potentialAction":[{"@type":"SearchAction","target":{"@type":"EntryPoint","urlTemplate":"https:\/\/fitnsweet.eu\/?s={search_term_string}"},"query-input":{"@type":"PropertyValueSpecification","valueRequired":true,"valueName":"search_term_string"}}],"inLanguage":"lv-LV"}]}},"_links":{"self":[{"href":"https:\/\/fitnsweet.eu\/lv\/wp-json\/wp\/v2\/product\/9275","targetHints":{"allow":["GET"]}}],"collection":[{"href":"https:\/\/fitnsweet.eu\/lv\/wp-json\/wp\/v2\/product"}],"about":[{"href":"https:\/\/fitnsweet.eu\/lv\/wp-json\/wp\/v2\/types\/product"}],"replies":[{"embeddable":true,"href":"https:\/\/fitnsweet.eu\/lv\/wp-json\/wp\/v2\/comments?post=9275"}],"version-history":[{"count":4,"href":"https:\/\/fitnsweet.eu\/lv\/wp-json\/wp\/v2\/product\/9275\/revisions"}],"predecessor-version":[{"id":40378,"href":"https:\/\/fitnsweet.eu\/lv\/wp-json\/wp\/v2\/product\/9275\/revisions\/40378"}],"wp:featuredmedia":[{"embeddable":true,"href":"https:\/\/fitnsweet.eu\/lv\/wp-json\/wp\/v2\/media\/9276"}],"wp:attachment":[{"href":"https:\/\/fitnsweet.eu\/lv\/wp-json\/wp\/v2\/media?parent=9275"}],"wp:term":[{"taxonomy":"product_brand","embeddable":true,"href":"https:\/\/fitnsweet.eu\/lv\/wp-json\/wp\/v2\/product_brand?post=9275"},{"taxonomy":"product_cat","embeddable":true,"href":"https:\/\/fitnsweet.eu\/lv\/wp-json\/wp\/v2\/product_cat?post=9275"},{"taxonomy":"product_tag","embeddable":true,"href":"https:\/\/fitnsweet.eu\/lv\/wp-json\/wp\/v2\/product_tag?post=9275"}],"curies":[{"name":"wp","href":"https:\/\/api.w.org\/{rel}","templated":true}]}}